{"id":5403,"date":"2023-06-28T08:50:12","date_gmt":"2023-06-28T06:50:12","guid":{"rendered":"https:\/\/ckca.fr\/dev\/?page_id=5403"},"modified":"2023-06-28T17:49:38","modified_gmt":"2023-06-28T15:49:38","slug":"sortie-paddle-estivale","status":"publish","type":"page","link":"https:\/\/ckca.fr\/dev\/sortie-paddle-estivale\/","title":{"rendered":"Sortie paddle estivale"},"content":{"rendered":"[vc_row][vc_column][\/vc_column][\/vc_row][vc_row][vc_column width=\u00a0\u00bb2\/3&Prime;][vc_column_text]Durant l&rsquo;\u00e9t\u00e9, nous vous proposons, tous les jeudis de 18h \u00e0 20h des sorties paddle sur le lac de Maine accompagn\u00e9es d&rsquo;un moniteur. Cette ballade sur le lac de Maine, sera l&rsquo;occasion d&rsquo;apprendre les bases de la navigation sur un stand up paddle. Elle vous permettra \u00e9galement de d\u00e9couvrir le lac de Maine, sa flore et sa faune si particuli\u00e8re en soir\u00e9e. Nous longerons la r\u00e9serve ornithologique et nous pourrons observer en fin de journ\u00e9e les oiseaux du lac.<\/p>\n<p><strong>Informations Importantes <\/strong>: la sortie est ouverte au personnes sachant nager et minimum 14 ans avec autorisation parentale pour les mineurs<\/p>\n<p><strong>ATTENTION :<\/strong>\u00a0 le CKCA se r\u00e9serve le droit d&rsquo;annuler la sortie en dessous de 5 participants.[\/vc_column_text][vc_single_image image=\u00a0\u00bb5414&Prime; img_size=\u00a0\u00bbfull\u00a0\u00bb][\/vc_column][vc_column width=\u00a0\u00bb1\/3&Prime;][vc_column_text]<iframe style=\"background: none; width: 100%; height: 600px;\" title=\"Sortie paddle du jeudi soir | Module de R\u00e9servation 1\" src=\"https:\/\/ckca.guidap.co\/export\/yomtBfTRYlOdjUG5vVhpM9zsxbrAFDNc3weq?lang=fr\" frameborder=\"0\" marginwidth=\"0\" marginheight=\"0\" scrolling=\"no\">\u00a0<\/iframe>[\/vc_column_text][\/vc_column][\/vc_row][vc_row][vc_column][\/vc_column][\/vc_row][vc_row][vc_column][vc_column_text]\n<div style=\"text-align: justify;\"><strong>Annulation ou modification du fait du client<\/strong><\/div>\n<div style=\"text-align: justify;\">Il est rappel\u00e9 au client, conform\u00e9ment \u00e0 l\u2019article L. 121-21-8 12\u00b0 du Code de la consommation, qu\u2019il ne dispose pas du droit de r\u00e9tractation pr\u00e9vu \u00e0 l\u2019article L. 121-21 du Code de la consommation.<\/div>\n<div style=\"text-align: justify;\">Les conditions de vente du tarif r\u00e9serv\u00e9 pr\u00e9cisent les modalit\u00e9s d\u2019annulation et\/ou de modification de la r\u00e9servation:<\/div>\n<div style=\"text-align: justify;\"><\/div>\n<div style=\"text-align: justify;\">&#8211; \u00e0 48h de l&rsquo;arriv\u00e9e: 50% du montant total de la r\u00e9servation encaiss\u00e9<\/div>\n<div style=\"text-align: justify;\">&#8211; \u00e0 7 jours avant l&rsquo;arriv\u00e9e: 25% du montant total de la r\u00e9servation encaiss\u00e9<\/div>\n<div style=\"text-align: justify;\">&#8211; non pr\u00e9sentation le jour de la prestation: 100% du montant total de la r\u00e9servation encaiss\u00e9<\/div>\n<div style=\"text-align: justify;\"><\/div>\n<div style=\"text-align: justify;\">L\u2019annulation de la r\u00e9servation peut s\u2019effectuer directement aupr\u00e8s de Association CANOE CAYAK CLUB D ANGERS, dont les coordonn\u00e9es t\u00e9l\u00e9phoniques sont pr\u00e9cis\u00e9es sur la confirmation de la r\u00e9servation envoy\u00e9e par courrier \u00e9lectronique. Toute r\u00e9servation est nominative et ne peut en aucun cas \u00eatre c\u00e9d\u00e9e \u00e0 un tiers, que ce soit \u00e0 titre gratuit ou on\u00e9reux.<\/div>\n<div style=\"text-align: justify;\"><\/div>\n<div style=\"text-align: justify;\">Les cartes cadeaux arrivant \u00e0 expiration peuvent \u00eatre renouvel\u00e9es une ann\u00e9e suppl\u00e9mentaire moyennant un versement de 30\u20ac.<\/div>\n[\/vc_column_text][\/vc_column][\/vc_row]\n","protected":false},"excerpt":{"rendered":"<p>[vc_row][vc_column][\/vc_column][\/vc_row][vc_row][vc_column width=\u00a0\u00bb2\/3&Prime;][vc_column_text]Durant l&rsquo;\u00e9t\u00e9, nous vous proposons, tous les jeudis de 18h \u00e0 20h des sorties paddle sur le lac de [&hellip;]<\/p>\n","protected":false},"author":1,"featured_media":0,"parent":0,"menu_order":0,"comment_status":"closed","ping_status":"closed","template":"","meta":{"footnotes":""},"class_list":["post-5403","page","type-page","status-publish","hentry"],"yoast_head":"<!-- This site is optimized with the Yoast SEO plugin v18.9 - https:\/\/yoast.com\/wordpress\/plugins\/seo\/ -->\n<title>Sortie paddle estivale - CKCA<\/title>\n<meta name=\"robots\" content=\"index, follow, max-snippet:-1, max-image-preview:large, max-video-preview:-1\" \/>\n<link rel=\"canonical\" href=\"https:\/\/ckca.fr\/dev\/sortie-paddle-estivale\/\" \/>\n<meta property=\"og:locale\" content=\"fr_FR\" \/>\n<meta property=\"og:type\" content=\"article\" \/>\n<meta property=\"og:title\" content=\"Sortie paddle estivale - CKCA\" \/>\n<meta property=\"og:description\" content=\"[vc_row][vc_column][\/vc_column][\/vc_row][vc_row][vc_column width=\u00a0\u00bb2\/3&Prime;][vc_column_text]Durant l&rsquo;\u00e9t\u00e9, nous vous proposons, tous les jeudis de 18h \u00e0 20h des sorties paddle sur le lac de [&hellip;]\" \/>\n<meta property=\"og:url\" content=\"https:\/\/ckca.fr\/dev\/sortie-paddle-estivale\/\" \/>\n<meta property=\"og:site_name\" content=\"CKCA\" \/>\n<meta property=\"article:modified_time\" content=\"2023-06-28T15:49:38+00:00\" \/>\n<meta name=\"twitter:card\" content=\"summary_large_image\" \/>\n<meta name=\"twitter:label1\" content=\"Dur\u00e9e de lecture estim\u00e9e\" \/>\n\t<meta name=\"twitter:data1\" content=\"2 minutes\" \/>\n<script type=\"application\/ld+json\" class=\"yoast-schema-graph\">{\"@context\":\"https:\/\/schema.org\",\"@graph\":[{\"@type\":\"WebSite\",\"@id\":\"https:\/\/ckca.fr\/dev\/#website\",\"url\":\"https:\/\/ckca.fr\/dev\/\",\"name\":\"CKCA\",\"description\":\"Un site utilisant WordPress\",\"potentialAction\":[{\"@type\":\"SearchAction\",\"target\":{\"@type\":\"EntryPoint\",\"urlTemplate\":\"https:\/\/ckca.fr\/dev\/?s={search_term_string}\"},\"query-input\":\"required name=search_term_string\"}],\"inLanguage\":\"fr-FR\"},{\"@type\":\"WebPage\",\"@id\":\"https:\/\/ckca.fr\/dev\/sortie-paddle-estivale\/#webpage\",\"url\":\"https:\/\/ckca.fr\/dev\/sortie-paddle-estivale\/\",\"name\":\"Sortie paddle estivale - CKCA\",\"isPartOf\":{\"@id\":\"https:\/\/ckca.fr\/dev\/#website\"},\"datePublished\":\"2023-06-28T06:50:12+00:00\",\"dateModified\":\"2023-06-28T15:49:38+00:00\",\"breadcrumb\":{\"@id\":\"https:\/\/ckca.fr\/dev\/sortie-paddle-estivale\/#breadcrumb\"},\"inLanguage\":\"fr-FR\",\"potentialAction\":[{\"@type\":\"ReadAction\",\"target\":[\"https:\/\/ckca.fr\/dev\/sortie-paddle-estivale\/\"]}]},{\"@type\":\"BreadcrumbList\",\"@id\":\"https:\/\/ckca.fr\/dev\/sortie-paddle-estivale\/#breadcrumb\",\"itemListElement\":[{\"@type\":\"ListItem\",\"position\":1,\"name\":\"Accueil\",\"item\":\"https:\/\/ckca.fr\/dev\/\"},{\"@type\":\"ListItem\",\"position\":2,\"name\":\"Sortie paddle estivale\"}]}]}<\/script>\n<!-- \/ Yoast SEO plugin. -->","yoast_head_json":{"title":"Sortie paddle estivale - CKCA","robots":{"index":"index","follow":"follow","max-snippet":"max-snippet:-1","max-image-preview":"max-image-preview:large","max-video-preview":"max-video-preview:-1"},"canonical":"https:\/\/ckca.fr\/dev\/sortie-paddle-estivale\/","og_locale":"fr_FR","og_type":"article","og_title":"Sortie paddle estivale - CKCA","og_description":"[vc_row][vc_column][\/vc_column][\/vc_row][vc_row][vc_column width=\u00a0\u00bb2\/3&Prime;][vc_column_text]Durant l&rsquo;\u00e9t\u00e9, nous vous proposons, tous les jeudis de 18h \u00e0 20h des sorties paddle sur le lac de [&hellip;]","og_url":"https:\/\/ckca.fr\/dev\/sortie-paddle-estivale\/","og_site_name":"CKCA","article_modified_time":"2023-06-28T15:49:38+00:00","twitter_card":"summary_large_image","twitter_misc":{"Dur\u00e9e de lecture estim\u00e9e":"2 minutes"},"schema":{"@context":"https:\/\/schema.org","@graph":[{"@type":"WebSite","@id":"https:\/\/ckca.fr\/dev\/#website","url":"https:\/\/ckca.fr\/dev\/","name":"CKCA","description":"Un site utilisant WordPress","potentialAction":[{"@type":"SearchAction","target":{"@type":"EntryPoint","urlTemplate":"https:\/\/ckca.fr\/dev\/?s={search_term_string}"},"query-input":"required name=search_term_string"}],"inLanguage":"fr-FR"},{"@type":"WebPage","@id":"https:\/\/ckca.fr\/dev\/sortie-paddle-estivale\/#webpage","url":"https:\/\/ckca.fr\/dev\/sortie-paddle-estivale\/","name":"Sortie paddle estivale - CKCA","isPartOf":{"@id":"https:\/\/ckca.fr\/dev\/#website"},"datePublished":"2023-06-28T06:50:12+00:00","dateModified":"2023-06-28T15:49:38+00:00","breadcrumb":{"@id":"https:\/\/ckca.fr\/dev\/sortie-paddle-estivale\/#breadcrumb"},"inLanguage":"fr-FR","potentialAction":[{"@type":"ReadAction","target":["https:\/\/ckca.fr\/dev\/sortie-paddle-estivale\/"]}]},{"@type":"BreadcrumbList","@id":"https:\/\/ckca.fr\/dev\/sortie-paddle-estivale\/#breadcrumb","itemListElement":[{"@type":"ListItem","position":1,"name":"Accueil","item":"https:\/\/ckca.fr\/dev\/"},{"@type":"ListItem","position":2,"name":"Sortie paddle estivale"}]}]}},"_links":{"self":[{"href":"https:\/\/ckca.fr\/dev\/wp-json\/wp\/v2\/pages\/5403","targetHints":{"allow":["GET"]}}],"collection":[{"href":"https:\/\/ckca.fr\/dev\/wp-json\/wp\/v2\/pages"}],"about":[{"href":"https:\/\/ckca.fr\/dev\/wp-json\/wp\/v2\/types\/page"}],"author":[{"embeddable":true,"href":"https:\/\/ckca.fr\/dev\/wp-json\/wp\/v2\/users\/1"}],"replies":[{"embeddable":true,"href":"https:\/\/ckca.fr\/dev\/wp-json\/wp\/v2\/comments?post=5403"}],"version-history":[{"count":11,"href":"https:\/\/ckca.fr\/dev\/wp-json\/wp\/v2\/pages\/5403\/revisions"}],"predecessor-version":[{"id":5419,"href":"https:\/\/ckca.fr\/dev\/wp-json\/wp\/v2\/pages\/5403\/revisions\/5419"}],"wp:attachment":[{"href":"https:\/\/ckca.fr\/dev\/wp-json\/wp\/v2\/media?parent=5403"}],"curies":[{"name":"wp","href":"https:\/\/api.w.org\/{rel}","templated":true}]}}