{"id":5361,"date":"2023-04-27T23:03:49","date_gmt":"2023-04-27T21:03:49","guid":{"rendered":"https:\/\/ckca.fr\/dev\/?page_id=5361"},"modified":"2024-06-14T12:41:55","modified_gmt":"2024-06-14T10:41:55","slug":"location-kayak-paddle-tarifs-de-groupe","status":"publish","type":"page","link":"https:\/\/ckca.fr\/dev\/location-kayak-paddle-tarifs-de-groupe\/","title":{"rendered":"Location kayak paddle Tarifs de Groupe (\u00e0 partir de 8 personnes)"},"content":{"rendered":"[vc_row][vc_column][\/vc_column][\/vc_row][vc_row][vc_column width=\u00a0\u00bb2\/3&Prime;][vc_column_text]Une \u00e9tendue d\u2019eau sur un site \u00e9cologique, pr\u00e9serv\u00e9, entretenu et am\u00e9nag\u00e9 avec ses plages, sa zone de baignade, sa r\u00e9serve naturelle\u2026 Le Cano\u00eb Kayak Club Angers est bas\u00e9 sur ce vaste domaine. Il est ouvert toute l\u2019ann\u00e9e pour ces adh\u00e9rents, la p\u00e9riode printemps, \u00e9t\u00e9 automne, pour les groupes (scolaires, centre de loisirs, associations, entreprises\u2026), les familles et les tribus d\u2019amis pour les locations, les cours,<\/p>\n<p><strong>Informations Importantes<\/strong>:<\/p>\n<p>&nbsp;<\/p>\n<ul>\n<li>Ce forfait ne marche que pour les groupes de 8 personnes minimum<\/li>\n<li>Nous vous conseillons d&rsquo;arriver 15 minutes avant votre d\u00e9part et nous vous rappelons qu&rsquo;il est obligatoire de porter un v\u00eatement sous le gilet de sauvetage lors de la navigation<\/li>\n<li>Age minimum: 5 ans pour les enfants accompagn\u00e9s par un adulte dans l&#8217;embarcation et 8 ans pour les enfants en embarcation monoplace. (dans tous les cas un mineur doit etre accompagn\u00e9 d&rsquo;un majeur responsable au d\u00e9part de l&rsquo;activit\u00e9)<\/li>\n<li>Conditions : Savoir nager et remplir le formulaire \u00a0\u00bbcontrat de location \u00a0\u00bb dans le mail de confirmation.<\/li>\n<li>Le mat\u00e9riel doit etre utilis\u00e9 par le m\u00eame nombre initial de personne! si vous souhaitez faire tourner l&rsquo;equipage\u00a0 avec des\u00a0 personnes diff\u00e9rentes sur l&#8217;embarcation, un suppl\u00e9ment de 3\u20ac vous sera demand\u00e9 par personne suppl\u00e9mentaire. (exemple un kayak 2 places doit etre utiliser par les 2 m\u00eames personnes, si une 3\u00e8me personne voir une 4\u00e8me ou une 5\u00e8me souhaitent naviguer egalement dessus un suppl\u00e9ment de 3 \u20ac\/ personne\u00a0 vous sera demand\u00e9.)<\/li>\n<\/ul>\n<p><strong>ATTENTION:<\/strong> le weekend en raison d&rsquo;une forte affluence, nous sommes contraints d&rsquo;accepter en priorit\u00e9 les r\u00e9servations faites sur notre site internet.[\/vc_column_text][vc_column_text]Ce descriptif vous aidera \u00e0 faire votre choix:[\/vc_column_text][vc_tta_accordion][vc_tta_section title=\u00a0\u00bbKayak Taiki &#8211; 1 place adulte\u00a0\u00bb tab_id=\u00a0\u00bb1651171416821-f226ab8e-9e96&Prime;][vc_column_text]\n<p style=\"text-align: center;\">Id\u00e9al pour d\u00e9couvrir le kayak en solo en toute s\u00e9curit\u00e9<\/p>\n<p style=\"text-align: center;\"><img loading=\"lazy\" decoding=\"async\" class=\"size-medium wp-image-4660 aligncenter\" src=\"https:\/\/ckca.fr\/dev\/wp-content\/uploads\/2022\/04\/TAIKIUP-300x169.webp\" alt=\"\" width=\"300\" height=\"169\" srcset=\"https:\/\/ckca.fr\/dev\/wp-content\/uploads\/2022\/04\/TAIKIUP-300x169.webp 300w, https:\/\/ckca.fr\/dev\/wp-content\/uploads\/2022\/04\/TAIKIUP-768x432.webp 768w, https:\/\/ckca.fr\/dev\/wp-content\/uploads\/2022\/04\/TAIKIUP.webp 946w\" sizes=\"auto, (max-width: 300px) 100vw, 300px\" \/><\/p>\n[\/vc_column_text][vc_progress_bar values=\u00a0\u00bb%5B%7B%22label%22%3A%22Stabilit%C3%A9%22%2C%22value%22%3A%2290%22%2C%22color%22%3A%22bar_turquoise%22%7D%2C%7B%22label%22%3A%22Vitesse%22%2C%22value%22%3A%2270%22%2C%22color%22%3A%22bar_green%22%7D%2C%7B%22label%22%3A%22Confort%22%2C%22value%22%3A%2270%22%2C%22color%22%3A%22bar_orange%22%7D%5D\u00a0\u00bb][\/vc_tta_section][vc_tta_section title=\u00a0\u00bbKayak Midway &#8211; 1 place adulte\u00a0\u00bb tab_id=\u00a0\u00bb1651171416794-ac053c36-01f7&Prime;][vc_column_text]\n<p style=\"text-align: center;\">Kayak rapide id\u00e9al pour la randonn\u00e9e pour pratiquant confirm\u00e9<\/p>\n<p style=\"text-align: center;\"><img loading=\"lazy\" decoding=\"async\" class=\"size-medium wp-image-4646 aligncenter\" src=\"https:\/\/ckca.fr\/dev\/wp-content\/uploads\/2022\/04\/MIDWAYUP-1-300x169.webp\" alt=\"\" width=\"300\" height=\"169\" srcset=\"https:\/\/ckca.fr\/dev\/wp-content\/uploads\/2022\/04\/MIDWAYUP-1-300x169.webp 300w, https:\/\/ckca.fr\/dev\/wp-content\/uploads\/2022\/04\/MIDWAYUP-1-768x432.webp 768w, https:\/\/ckca.fr\/dev\/wp-content\/uploads\/2022\/04\/MIDWAYUP-1.webp 946w\" sizes=\"auto, (max-width: 300px) 100vw, 300px\" \/><\/p>\n[\/vc_column_text][vc_progress_bar values=\u00a0\u00bb%5B%7B%22label%22%3A%22Stabilit%C3%A9%22%2C%22value%22%3A%2260%22%2C%22color%22%3A%22bar_turquoise%22%7D%2C%7B%22label%22%3A%22Vitesse%22%2C%22value%22%3A%2290%22%2C%22color%22%3A%22bar_green%22%7D%2C%7B%22label%22%3A%22Confort%22%2C%22value%22%3A%2270%22%2C%22color%22%3A%22bar_orange%22%7D%5D\u00a0\u00bb][\/vc_tta_section][vc_tta_section title=\u00a0\u00bbKayak Optimo &#8211; 2\/3 places\u00a0\u00bb tab_id=\u00a0\u00bb1651171594769-3b40d62c-673c\u00a0\u00bb][vc_column_text]\n<p style=\"text-align: center;\">Kayak id\u00e9al pour une pratique en couple ou en famille<\/p>\n<p style=\"text-align: center;\"><img loading=\"lazy\" decoding=\"async\" class=\"size-medium wp-image-4658 aligncenter\" src=\"https:\/\/ckca.fr\/dev\/wp-content\/uploads\/2022\/04\/optimo-evo-standard-top-300x169.webp\" alt=\"\" width=\"300\" height=\"169\" srcset=\"https:\/\/ckca.fr\/dev\/wp-content\/uploads\/2022\/04\/optimo-evo-standard-top-300x169.webp 300w, https:\/\/ckca.fr\/dev\/wp-content\/uploads\/2022\/04\/optimo-evo-standard-top-768x432.webp 768w, https:\/\/ckca.fr\/dev\/wp-content\/uploads\/2022\/04\/optimo-evo-standard-top.webp 946w\" sizes=\"auto, (max-width: 300px) 100vw, 300px\" \/><\/p>\n[\/vc_column_text][vc_progress_bar values=\u00a0\u00bb%5B%7B%22label%22%3A%22Stabilit%C3%A9%22%2C%22value%22%3A%22100%22%2C%22color%22%3A%22bar_turquoise%22%7D%2C%7B%22label%22%3A%22Vitesse%22%2C%22value%22%3A%2260%22%2C%22color%22%3A%22bar_green%22%7D%2C%7B%22label%22%3A%22Confort%22%2C%22value%22%3A%2280%22%2C%22color%22%3A%22bar_orange%22%7D%5D\u00a0\u00bb][\/vc_tta_section][vc_tta_section title=\u00a0\u00bbStand Up paddles soleil\u00a0\u00bb tab_id=\u00a0\u00bb1651175016874-7116352a-cabc\u00a0\u00bb][vc_column_text]\n<p style=\"text-align: center;\">Planche stable et maniable pour bien d\u00e9couvrir le stand up paddles<\/p>\n<p style=\"text-align: center;\"><img loading=\"lazy\" decoding=\"async\" class=\"size-medium wp-image-4661 aligncenter\" src=\"https:\/\/ckca.fr\/dev\/wp-content\/uploads\/2022\/04\/sup-soleil-rtm-300x238.jpg\" alt=\"\" width=\"300\" height=\"238\" srcset=\"https:\/\/ckca.fr\/dev\/wp-content\/uploads\/2022\/04\/sup-soleil-rtm-300x238.jpg 300w, https:\/\/ckca.fr\/dev\/wp-content\/uploads\/2022\/04\/sup-soleil-rtm.jpg 378w\" sizes=\"auto, (max-width: 300px) 100vw, 300px\" \/><\/p>\n[\/vc_column_text][vc_progress_bar values=\u00a0\u00bb%5B%7B%22label%22%3A%22Stabilit%C3%A9%22%2C%22value%22%3A%2290%22%2C%22color%22%3A%22bar_turquoise%22%7D%2C%7B%22label%22%3A%22Vitesse%22%2C%22value%22%3A%2260%22%2C%22color%22%3A%22bar_green%22%7D%2C%7B%22label%22%3A%22Confort%22%2C%22value%22%3A%2245%22%2C%22color%22%3A%22bar_orange%22%7D%5D\u00a0\u00bb][\/vc_tta_section][\/vc_tta_accordion][\/vc_column][vc_column width=\u00a0\u00bb1\/3&Prime;][vc_column_text]<iframe style=\"background: none; width: 100%; height: 400px;\" title=\"Location Tarif de Groupes de Kayak et Paddle 12 personnes mini | Module de R\u00e9servation 1\" src=\"https:\/\/ckca.guidap.co\/export\/ZWPXxgcdI78U0yDMoejSsp4m3NAqkvutLRiF?lang=fr\" frameborder=\"0\" marginwidth=\"0\" marginheight=\"0\" scrolling=\"no\">\u00a0<\/iframe>[\/vc_column_text][\/vc_column][\/vc_row][vc_row][vc_column][\/vc_column][\/vc_row][vc_row][vc_column][vc_column_text]\n<div style=\"text-align: justify;\"><strong>Annulation ou modification du fait du client<\/strong><\/div>\n<div style=\"text-align: justify;\">Il est rappel\u00e9 au client, conform\u00e9ment \u00e0 l\u2019article L. 121-21-8 12\u00b0 du Code de la consommation, qu\u2019il ne dispose pas du droit de r\u00e9tractation pr\u00e9vu \u00e0 l\u2019article L. 121-21 du Code de la consommation.<\/div>\n<div style=\"text-align: justify;\">Les conditions de vente du tarif r\u00e9serv\u00e9 pr\u00e9cisent les modalit\u00e9s d\u2019annulation et\/ou de modification de la r\u00e9servation:<\/div>\n<div style=\"text-align: justify;\"><\/div>\n<div style=\"text-align: justify;\">&#8211; \u00e0 48h de l&rsquo;arriv\u00e9e: 50% du montant total de la r\u00e9servation encaiss\u00e9<\/div>\n<div style=\"text-align: justify;\">&#8211; \u00e0 7 jours avant l&rsquo;arriv\u00e9e: 25% du montant total de la r\u00e9servation encaiss\u00e9<\/div>\n<div style=\"text-align: justify;\">&#8211; non pr\u00e9sentation le jour de la prestation: 100% du montant total de la r\u00e9servation encaiss\u00e9<\/div>\n<div style=\"text-align: justify;\"><\/div>\n<div style=\"text-align: justify;\">L\u2019annulation de la r\u00e9servation peut s\u2019effectuer directement aupr\u00e8s de Association CANOE CAYAK CLUB D ANGERS, dont les coordonn\u00e9es t\u00e9l\u00e9phoniques sont pr\u00e9cis\u00e9es sur la confirmation de la r\u00e9servation envoy\u00e9e par courrier \u00e9lectronique. Toute r\u00e9servation est nominative et ne peut en aucun cas \u00eatre c\u00e9d\u00e9e \u00e0 un tiers, que ce soit \u00e0 titre gratuit ou on\u00e9reux.<\/div>\n<div style=\"text-align: justify;\"><\/div>\n<div style=\"text-align: justify;\">Les cartes cadeaux arrivant \u00e0 expiration peuvent \u00eatre renouvel\u00e9es une ann\u00e9e suppl\u00e9mentaire moyennant un versement de 30\u20ac.<\/div>\n[\/vc_column_text][\/vc_column][\/vc_row]\n","protected":false},"excerpt":{"rendered":"<p>[vc_row][vc_column][\/vc_column][\/vc_row][vc_row][vc_column width=\u00a0\u00bb2\/3&Prime;][vc_column_text]Une \u00e9tendue d\u2019eau sur un site \u00e9cologique, pr\u00e9serv\u00e9, entretenu et am\u00e9nag\u00e9 avec ses plages, sa zone de baignade, sa [&hellip;]<\/p>\n","protected":false},"author":1,"featured_media":0,"parent":0,"menu_order":0,"comment_status":"closed","ping_status":"closed","template":"","meta":{"footnotes":""},"class_list":["post-5361","page","type-page","status-publish","hentry"],"yoast_head":"<!-- This site is optimized with the Yoast SEO plugin v18.9 - https:\/\/yoast.com\/wordpress\/plugins\/seo\/ -->\n<title>Location kayak paddle Tarifs de Groupe (\u00e0 partir de 8 personnes) - CKCA<\/title>\n<meta name=\"robots\" content=\"index, follow, max-snippet:-1, max-image-preview:large, max-video-preview:-1\" \/>\n<link rel=\"canonical\" href=\"https:\/\/ckca.fr\/dev\/location-kayak-paddle-tarifs-de-groupe\/\" \/>\n<meta property=\"og:locale\" content=\"fr_FR\" \/>\n<meta property=\"og:type\" content=\"article\" \/>\n<meta property=\"og:title\" content=\"Location kayak paddle Tarifs de Groupe (\u00e0 partir de 8 personnes) - CKCA\" \/>\n<meta property=\"og:description\" content=\"[vc_row][vc_column][\/vc_column][\/vc_row][vc_row][vc_column width=\u00a0\u00bb2\/3&Prime;][vc_column_text]Une \u00e9tendue d\u2019eau sur un site \u00e9cologique, pr\u00e9serv\u00e9, entretenu et am\u00e9nag\u00e9 avec ses plages, sa zone de baignade, sa [&hellip;]\" \/>\n<meta property=\"og:url\" content=\"https:\/\/ckca.fr\/dev\/location-kayak-paddle-tarifs-de-groupe\/\" \/>\n<meta property=\"og:site_name\" content=\"CKCA\" \/>\n<meta property=\"article:modified_time\" content=\"2024-06-14T10:41:55+00:00\" \/>\n<meta property=\"og:image\" content=\"https:\/\/ckca.fr\/dev\/wp-content\/uploads\/2022\/04\/TAIKIUP-300x169.webp\" \/>\n<meta name=\"twitter:card\" content=\"summary_large_image\" \/>\n<meta name=\"twitter:label1\" content=\"Dur\u00e9e de lecture estim\u00e9e\" \/>\n\t<meta name=\"twitter:data1\" content=\"4 minutes\" \/>\n<script type=\"application\/ld+json\" class=\"yoast-schema-graph\">{\"@context\":\"https:\/\/schema.org\",\"@graph\":[{\"@type\":\"WebSite\",\"@id\":\"https:\/\/ckca.fr\/dev\/#website\",\"url\":\"https:\/\/ckca.fr\/dev\/\",\"name\":\"CKCA\",\"description\":\"Un site utilisant WordPress\",\"potentialAction\":[{\"@type\":\"SearchAction\",\"target\":{\"@type\":\"EntryPoint\",\"urlTemplate\":\"https:\/\/ckca.fr\/dev\/?s={search_term_string}\"},\"query-input\":\"required name=search_term_string\"}],\"inLanguage\":\"fr-FR\"},{\"@type\":\"ImageObject\",\"inLanguage\":\"fr-FR\",\"@id\":\"https:\/\/ckca.fr\/dev\/location-kayak-paddle-tarifs-de-groupe\/#primaryimage\",\"url\":\"https:\/\/ckca.fr\/dev\/wp-content\/uploads\/2022\/04\/TAIKIUP-300x169.webp\",\"contentUrl\":\"https:\/\/ckca.fr\/dev\/wp-content\/uploads\/2022\/04\/TAIKIUP-300x169.webp\"},{\"@type\":\"WebPage\",\"@id\":\"https:\/\/ckca.fr\/dev\/location-kayak-paddle-tarifs-de-groupe\/#webpage\",\"url\":\"https:\/\/ckca.fr\/dev\/location-kayak-paddle-tarifs-de-groupe\/\",\"name\":\"Location kayak paddle Tarifs de Groupe (\u00e0 partir de 8 personnes) - CKCA\",\"isPartOf\":{\"@id\":\"https:\/\/ckca.fr\/dev\/#website\"},\"primaryImageOfPage\":{\"@id\":\"https:\/\/ckca.fr\/dev\/location-kayak-paddle-tarifs-de-groupe\/#primaryimage\"},\"datePublished\":\"2023-04-27T21:03:49+00:00\",\"dateModified\":\"2024-06-14T10:41:55+00:00\",\"breadcrumb\":{\"@id\":\"https:\/\/ckca.fr\/dev\/location-kayak-paddle-tarifs-de-groupe\/#breadcrumb\"},\"inLanguage\":\"fr-FR\",\"potentialAction\":[{\"@type\":\"ReadAction\",\"target\":[\"https:\/\/ckca.fr\/dev\/location-kayak-paddle-tarifs-de-groupe\/\"]}]},{\"@type\":\"BreadcrumbList\",\"@id\":\"https:\/\/ckca.fr\/dev\/location-kayak-paddle-tarifs-de-groupe\/#breadcrumb\",\"itemListElement\":[{\"@type\":\"ListItem\",\"position\":1,\"name\":\"Accueil\",\"item\":\"https:\/\/ckca.fr\/dev\/\"},{\"@type\":\"ListItem\",\"position\":2,\"name\":\"Location kayak paddle Tarifs de Groupe (\u00e0 partir de 8 personnes)\"}]}]}<\/script>\n<!-- \/ Yoast SEO plugin. -->","yoast_head_json":{"title":"Location kayak paddle Tarifs de Groupe (\u00e0 partir de 8 personnes) - CKCA","robots":{"index":"index","follow":"follow","max-snippet":"max-snippet:-1","max-image-preview":"max-image-preview:large","max-video-preview":"max-video-preview:-1"},"canonical":"https:\/\/ckca.fr\/dev\/location-kayak-paddle-tarifs-de-groupe\/","og_locale":"fr_FR","og_type":"article","og_title":"Location kayak paddle Tarifs de Groupe (\u00e0 partir de 8 personnes) - CKCA","og_description":"[vc_row][vc_column][\/vc_column][\/vc_row][vc_row][vc_column width=\u00a0\u00bb2\/3&Prime;][vc_column_text]Une \u00e9tendue d\u2019eau sur un site \u00e9cologique, pr\u00e9serv\u00e9, entretenu et am\u00e9nag\u00e9 avec ses plages, sa zone de baignade, sa [&hellip;]","og_url":"https:\/\/ckca.fr\/dev\/location-kayak-paddle-tarifs-de-groupe\/","og_site_name":"CKCA","article_modified_time":"2024-06-14T10:41:55+00:00","og_image":[{"url":"https:\/\/ckca.fr\/dev\/wp-content\/uploads\/2022\/04\/TAIKIUP-300x169.webp"}],"twitter_card":"summary_large_image","twitter_misc":{"Dur\u00e9e de lecture estim\u00e9e":"4 minutes"},"schema":{"@context":"https:\/\/schema.org","@graph":[{"@type":"WebSite","@id":"https:\/\/ckca.fr\/dev\/#website","url":"https:\/\/ckca.fr\/dev\/","name":"CKCA","description":"Un site utilisant WordPress","potentialAction":[{"@type":"SearchAction","target":{"@type":"EntryPoint","urlTemplate":"https:\/\/ckca.fr\/dev\/?s={search_term_string}"},"query-input":"required name=search_term_string"}],"inLanguage":"fr-FR"},{"@type":"ImageObject","inLanguage":"fr-FR","@id":"https:\/\/ckca.fr\/dev\/location-kayak-paddle-tarifs-de-groupe\/#primaryimage","url":"https:\/\/ckca.fr\/dev\/wp-content\/uploads\/2022\/04\/TAIKIUP-300x169.webp","contentUrl":"https:\/\/ckca.fr\/dev\/wp-content\/uploads\/2022\/04\/TAIKIUP-300x169.webp"},{"@type":"WebPage","@id":"https:\/\/ckca.fr\/dev\/location-kayak-paddle-tarifs-de-groupe\/#webpage","url":"https:\/\/ckca.fr\/dev\/location-kayak-paddle-tarifs-de-groupe\/","name":"Location kayak paddle Tarifs de Groupe (\u00e0 partir de 8 personnes) - CKCA","isPartOf":{"@id":"https:\/\/ckca.fr\/dev\/#website"},"primaryImageOfPage":{"@id":"https:\/\/ckca.fr\/dev\/location-kayak-paddle-tarifs-de-groupe\/#primaryimage"},"datePublished":"2023-04-27T21:03:49+00:00","dateModified":"2024-06-14T10:41:55+00:00","breadcrumb":{"@id":"https:\/\/ckca.fr\/dev\/location-kayak-paddle-tarifs-de-groupe\/#breadcrumb"},"inLanguage":"fr-FR","potentialAction":[{"@type":"ReadAction","target":["https:\/\/ckca.fr\/dev\/location-kayak-paddle-tarifs-de-groupe\/"]}]},{"@type":"BreadcrumbList","@id":"https:\/\/ckca.fr\/dev\/location-kayak-paddle-tarifs-de-groupe\/#breadcrumb","itemListElement":[{"@type":"ListItem","position":1,"name":"Accueil","item":"https:\/\/ckca.fr\/dev\/"},{"@type":"ListItem","position":2,"name":"Location kayak paddle Tarifs de Groupe (\u00e0 partir de 8 personnes)"}]}]}},"_links":{"self":[{"href":"https:\/\/ckca.fr\/dev\/wp-json\/wp\/v2\/pages\/5361","targetHints":{"allow":["GET"]}}],"collection":[{"href":"https:\/\/ckca.fr\/dev\/wp-json\/wp\/v2\/pages"}],"about":[{"href":"https:\/\/ckca.fr\/dev\/wp-json\/wp\/v2\/types\/page"}],"author":[{"embeddable":true,"href":"https:\/\/ckca.fr\/dev\/wp-json\/wp\/v2\/users\/1"}],"replies":[{"embeddable":true,"href":"https:\/\/ckca.fr\/dev\/wp-json\/wp\/v2\/comments?post=5361"}],"version-history":[{"count":6,"href":"https:\/\/ckca.fr\/dev\/wp-json\/wp\/v2\/pages\/5361\/revisions"}],"predecessor-version":[{"id":5364,"href":"https:\/\/ckca.fr\/dev\/wp-json\/wp\/v2\/pages\/5361\/revisions\/5364"}],"wp:attachment":[{"href":"https:\/\/ckca.fr\/dev\/wp-json\/wp\/v2\/media?parent=5361"}],"curies":[{"name":"wp","href":"https:\/\/api.w.org\/{rel}","templated":true}]}}