{"id":5241,"date":"2022-09-06T17:37:16","date_gmt":"2022-09-06T15:37:16","guid":{"rendered":"https:\/\/ckca.fr\/dev\/?page_id=5241"},"modified":"2023-02-04T14:41:51","modified_gmt":"2023-02-04T13:41:51","slug":"ecole-de-pagaie","status":"publish","type":"page","link":"https:\/\/ckca.fr\/dev\/ecole-de-pagaie\/","title":{"rendered":"\u00c9cole de pagaie"},"content":{"rendered":"[vc_row][vc_column width=\u00a0\u00bb2\/3&Prime;][vc_column_text]\n<div class=\"row cf builder\">\n<div class=\"column builder one-1\">\n<div class=\"textwidget post-content\">\n<h2 style=\"text-align: center;\"><small>La rel\u00e8ve<\/small>L\u2019\u00e9cole de pagaies<\/h2>\n<p>De quoi s\u2019agit-il\u00a0?<\/p>\n<p>L\u2019\u00e9cole de pagaie permet \u00e0 des jeunes aimant l\u2019eau et les sports de nature, de d\u00e9couvrir les diff\u00e9rentes disciplines du cano\u00eb Kayak\u00a0: la course en ligne, le kayak polo, l&rsquo;eau vive, et d\u2019en acqu\u00e9rir les techniques de base. A travers un apprentissage progressif de l&rsquo;activit\u00e9, les s\u00e9ances se d\u00e9roulent par groupe de niveau \u00e0 savoir un groupe d&rsquo;initiation d\u00e9veloppement et un groupe \u00e9cole de sport.<br \/>\nL&rsquo;apprentissage de l&rsquo;activit\u00e9 nous am\u00e8ne \u00e0 pratiquer des sports compl\u00e9mentaires en periode hivernale comme la course \u00e0 pied, le reforcement musculaire, sport collectifs&#8230;<br \/>\nPour ceux qui le d\u00e9sirent, une intitiation \u00e0 la comp\u00e9titon est propos\u00e9e \u00e0 travers les challenges jeunes. Ils se d\u00e9roulent tout au long de l&rsquo;ann\u00e9e et permettent d&rsquo;acc\u00e8der \u00e0 des niveaux de courses r\u00e9gionales.<\/p>\n<p>Pour Qui\u00a0?<\/p>\n<p>L\u2019Ecole de pagaie accueille un public entre 8 et 15 ans.<\/p>\n<p>Comment\u00a0?<\/p>\n<p>De septembre \u00e0 juin \u00a02 s\u00e9ances par semaine sont propos\u00e9es : le mercredi et le samedi, de 14h \u00e0 16h.<br \/>\nDurant les vacances scolaires des stages pour l&rsquo;\u00e9cole de pagaie sont propos\u00e9s et fortement conseill\u00e9 afin d&rsquo;optimis\u00e9 la progression de l&rsquo;ensemble du groupe<br \/>\nUne s\u00e9ance de piscine est possible 1 soir par semaine. Son objectif principal est de progresser en aisance aquatique, travailler des techniques sp\u00e9cifiques de propulsion et l\u2019esquimautage.<\/p>\n<p>Contact\u00a0:<br \/>\nJulien GIGOU\u00a0: 02 41 72 07 04<\/p>\n<\/div>\n<\/div>\n<\/div>\n[\/vc_column_text][\/vc_column][vc_column width=\u00a0\u00bb1\/3&Prime;][vc_gallery images=\u00a0\u00bb4562,4555,4556,5242,5243,5244,5245,5246,5247,5248,5249,4236,4233,4222&Prime; columns=\u00a0\u00bb4&Prime;][\/vc_column][\/vc_row]\n","protected":false},"excerpt":{"rendered":"<p>[vc_row][vc_column width=\u00a0\u00bb2\/3&Prime;][vc_column_text] La rel\u00e8veL\u2019\u00e9cole de pagaies De quoi s\u2019agit-il\u00a0? L\u2019\u00e9cole de pagaie permet \u00e0 des jeunes aimant l\u2019eau et les [&hellip;]<\/p>\n","protected":false},"author":1,"featured_media":0,"parent":0,"menu_order":0,"comment_status":"closed","ping_status":"closed","template":"","meta":{"footnotes":""},"class_list":["post-5241","page","type-page","status-publish","hentry"],"yoast_head":"<!-- This site is optimized with the Yoast SEO plugin v18.9 - https:\/\/yoast.com\/wordpress\/plugins\/seo\/ -->\n<title>\u00c9cole de pagaie - CKCA<\/title>\n<meta name=\"description\" content=\"\u00c9cole pagaie jeune kayak Angers lac de Maine\" \/>\n<meta name=\"robots\" content=\"index, follow, max-snippet:-1, max-image-preview:large, max-video-preview:-1\" \/>\n<link rel=\"canonical\" href=\"https:\/\/ckca.fr\/dev\/ecole-de-pagaie\/\" \/>\n<meta property=\"og:locale\" content=\"fr_FR\" \/>\n<meta property=\"og:type\" content=\"article\" \/>\n<meta property=\"og:title\" content=\"\u00c9cole de pagaie - CKCA\" \/>\n<meta property=\"og:description\" content=\"\u00c9cole pagaie jeune kayak Angers lac de Maine\" \/>\n<meta property=\"og:url\" content=\"https:\/\/ckca.fr\/dev\/ecole-de-pagaie\/\" \/>\n<meta property=\"og:site_name\" content=\"CKCA\" \/>\n<meta property=\"article:modified_time\" content=\"2023-02-04T13:41:51+00:00\" \/>\n<meta name=\"twitter:card\" content=\"summary_large_image\" \/>\n<meta name=\"twitter:label1\" content=\"Dur\u00e9e de lecture estim\u00e9e\" \/>\n\t<meta name=\"twitter:data1\" content=\"2 minutes\" \/>\n<script type=\"application\/ld+json\" class=\"yoast-schema-graph\">{\"@context\":\"https:\/\/schema.org\",\"@graph\":[{\"@type\":\"WebSite\",\"@id\":\"https:\/\/ckca.fr\/dev\/#website\",\"url\":\"https:\/\/ckca.fr\/dev\/\",\"name\":\"CKCA\",\"description\":\"Un site utilisant WordPress\",\"potentialAction\":[{\"@type\":\"SearchAction\",\"target\":{\"@type\":\"EntryPoint\",\"urlTemplate\":\"https:\/\/ckca.fr\/dev\/?s={search_term_string}\"},\"query-input\":\"required name=search_term_string\"}],\"inLanguage\":\"fr-FR\"},{\"@type\":\"WebPage\",\"@id\":\"https:\/\/ckca.fr\/dev\/ecole-de-pagaie\/#webpage\",\"url\":\"https:\/\/ckca.fr\/dev\/ecole-de-pagaie\/\",\"name\":\"\u00c9cole de pagaie - CKCA\",\"isPartOf\":{\"@id\":\"https:\/\/ckca.fr\/dev\/#website\"},\"datePublished\":\"2022-09-06T15:37:16+00:00\",\"dateModified\":\"2023-02-04T13:41:51+00:00\",\"description\":\"\u00c9cole pagaie jeune kayak Angers lac de Maine\",\"breadcrumb\":{\"@id\":\"https:\/\/ckca.fr\/dev\/ecole-de-pagaie\/#breadcrumb\"},\"inLanguage\":\"fr-FR\",\"potentialAction\":[{\"@type\":\"ReadAction\",\"target\":[\"https:\/\/ckca.fr\/dev\/ecole-de-pagaie\/\"]}]},{\"@type\":\"BreadcrumbList\",\"@id\":\"https:\/\/ckca.fr\/dev\/ecole-de-pagaie\/#breadcrumb\",\"itemListElement\":[{\"@type\":\"ListItem\",\"position\":1,\"name\":\"Accueil\",\"item\":\"https:\/\/ckca.fr\/dev\/\"},{\"@type\":\"ListItem\",\"position\":2,\"name\":\"\u00c9cole de pagaie\"}]}]}<\/script>\n<!-- \/ Yoast SEO plugin. -->","yoast_head_json":{"title":"\u00c9cole de pagaie - CKCA","description":"\u00c9cole pagaie jeune kayak Angers lac de Maine","robots":{"index":"index","follow":"follow","max-snippet":"max-snippet:-1","max-image-preview":"max-image-preview:large","max-video-preview":"max-video-preview:-1"},"canonical":"https:\/\/ckca.fr\/dev\/ecole-de-pagaie\/","og_locale":"fr_FR","og_type":"article","og_title":"\u00c9cole de pagaie - CKCA","og_description":"\u00c9cole pagaie jeune kayak Angers lac de Maine","og_url":"https:\/\/ckca.fr\/dev\/ecole-de-pagaie\/","og_site_name":"CKCA","article_modified_time":"2023-02-04T13:41:51+00:00","twitter_card":"summary_large_image","twitter_misc":{"Dur\u00e9e de lecture estim\u00e9e":"2 minutes"},"schema":{"@context":"https:\/\/schema.org","@graph":[{"@type":"WebSite","@id":"https:\/\/ckca.fr\/dev\/#website","url":"https:\/\/ckca.fr\/dev\/","name":"CKCA","description":"Un site utilisant WordPress","potentialAction":[{"@type":"SearchAction","target":{"@type":"EntryPoint","urlTemplate":"https:\/\/ckca.fr\/dev\/?s={search_term_string}"},"query-input":"required name=search_term_string"}],"inLanguage":"fr-FR"},{"@type":"WebPage","@id":"https:\/\/ckca.fr\/dev\/ecole-de-pagaie\/#webpage","url":"https:\/\/ckca.fr\/dev\/ecole-de-pagaie\/","name":"\u00c9cole de pagaie - CKCA","isPartOf":{"@id":"https:\/\/ckca.fr\/dev\/#website"},"datePublished":"2022-09-06T15:37:16+00:00","dateModified":"2023-02-04T13:41:51+00:00","description":"\u00c9cole pagaie jeune kayak Angers lac de Maine","breadcrumb":{"@id":"https:\/\/ckca.fr\/dev\/ecole-de-pagaie\/#breadcrumb"},"inLanguage":"fr-FR","potentialAction":[{"@type":"ReadAction","target":["https:\/\/ckca.fr\/dev\/ecole-de-pagaie\/"]}]},{"@type":"BreadcrumbList","@id":"https:\/\/ckca.fr\/dev\/ecole-de-pagaie\/#breadcrumb","itemListElement":[{"@type":"ListItem","position":1,"name":"Accueil","item":"https:\/\/ckca.fr\/dev\/"},{"@type":"ListItem","position":2,"name":"\u00c9cole de pagaie"}]}]}},"_links":{"self":[{"href":"https:\/\/ckca.fr\/dev\/wp-json\/wp\/v2\/pages\/5241","targetHints":{"allow":["GET"]}}],"collection":[{"href":"https:\/\/ckca.fr\/dev\/wp-json\/wp\/v2\/pages"}],"about":[{"href":"https:\/\/ckca.fr\/dev\/wp-json\/wp\/v2\/types\/page"}],"author":[{"embeddable":true,"href":"https:\/\/ckca.fr\/dev\/wp-json\/wp\/v2\/users\/1"}],"replies":[{"embeddable":true,"href":"https:\/\/ckca.fr\/dev\/wp-json\/wp\/v2\/comments?post=5241"}],"version-history":[{"count":6,"href":"https:\/\/ckca.fr\/dev\/wp-json\/wp\/v2\/pages\/5241\/revisions"}],"predecessor-version":[{"id":5330,"href":"https:\/\/ckca.fr\/dev\/wp-json\/wp\/v2\/pages\/5241\/revisions\/5330"}],"wp:attachment":[{"href":"https:\/\/ckca.fr\/dev\/wp-json\/wp\/v2\/media?parent=5241"}],"curies":[{"name":"wp","href":"https:\/\/api.w.org\/{rel}","templated":true}]}}