{"id":5161,"date":"2022-09-04T18:23:30","date_gmt":"2022-09-04T16:23:30","guid":{"rendered":"https:\/\/ckca.fr\/dev\/?page_id=5161"},"modified":"2025-01-19T22:47:28","modified_gmt":"2025-01-19T21:47:28","slug":"pink-ladies","status":"publish","type":"page","link":"https:\/\/ckca.fr\/dev\/pink-ladies\/","title":{"rendered":"Dragon PinkLadies d\u2019Angers"},"content":{"rendered":"[vc_row][vc_column width=\u00a0\u00bb2\/3&Prime;][vc_column_text]\n<div class=\"row cf builder\">\n<div class=\"column builder one-1\">\n<div class=\"textwidget post-content\">\n<h2 style=\"text-align: center;\"><small>Le sport sant\u00e9<\/small>Dragon PinkLadies d\u2019Angers<\/h2>\n<h3><strong>Les Pink Ladies du CKCA Angers : pagayer vers l\u2019espoir<\/strong><\/h3>\n<p>C\u2019est en 2014, gr\u00e2ce \u00e0 un partenariat entre l\u2019Institut de Canc\u00e9rologie de l\u2019Ouest (ICO) et le Cano\u00eb Kayak Club d\u2019Angers (CKCA), que la section\u00a0<strong>Pink Ladies<\/strong>\u00a0voit le jour. Cette initiative, n\u00e9e de la conviction que l\u2019activit\u00e9 physique adapt\u00e9e joue un r\u00f4le essentiel dans la lutte contre le cancer du sein, s\u2019inscrit dans les missions de\u00a0<strong>Sport Sant\u00e9<\/strong>.<\/p>\n<p>Le Dragon Boat, embarcation collective de 9 places, favorise l\u2019entraide, la coh\u00e9sion et le partage. Le geste asym\u00e9trique avec la pagaie simple permet \u00e0 chacune de pagayer selon ses capacit\u00e9s, tout en b\u00e9n\u00e9ficiant des bienfaits physiques et psychologiques reconnus de ce sport.<\/p>\n<\/div>\n<\/div>\n<\/div>\n[\/vc_column_text][vc_separator][vc_column_text]\n<h3><strong>Une activit\u00e9 toute l\u2019ann\u00e9e<\/strong><\/h3>\n<p>Les Pink Ladies d\u2019Angers, compos\u00e9es de femmes qui sont ou ont \u00e9t\u00e9 confront\u00e9es \u00e0 un cancer du sein, s\u2019entra\u00eenent au Lac de Maine toute l\u2019ann\u00e9e, encadr\u00e9es par des professionnels qualifi\u00e9s. Chaque semaine, une \u00e0 deux s\u00e9ances sont organis\u00e9es dans une ambiance conviviale et bienveillante.<br \/>\nCette activit\u00e9 leur permet de :<\/p>\n<ul>\n<li><strong>Contribuer \u00e0 leur reconstruction physique et mentale<\/strong>.<\/li>\n<li><strong>Encourager la pratique r\u00e9guli\u00e8re d\u2019un sport adapt\u00e9<\/strong>, avec des b\u00e9n\u00e9fices prouv\u00e9s (r\u00e9duction du risque de r\u00e9cidive jusqu\u2019\u00e0 50 %, bien-\u00eatre psychologique accru).<\/li>\n<li><strong>Rompre l\u2019isolement<\/strong>\u00a0en cr\u00e9ant un r\u00e9seau d\u2019entraide et d\u2019\u00e9change.<\/li>\n<li><strong>Participer \u00e0 des manifestations nationales<\/strong>\u00a0aux c\u00f4t\u00e9s d\u2019autres Pink Ladies de France.<\/li>\n<\/ul>\n[\/vc_column_text][vc_separator][vc_column_text]\n<h3 dir=\"auto\"><strong>Le grand d\u00e9fi : la Vogalonga \u00e0 Venise<\/strong><\/h3>\n<p dir=\"auto\">Chaque ann\u00e9e, les Pink Ladies d\u2019Angers participent \u00e0 la mythique\u00a0<strong>Vogalonga<\/strong>, une randonn\u00e9e de 30 km dans la lagune Nord de Venise, rassemblant plus de\u00a0<strong>1700 embarcations<\/strong>\u00a0et\u00a0<strong>7000 rameurs<\/strong>\u00a0du monde entier.<br \/>\nCe projet leur tient particuli\u00e8rement \u00e0 c\u0153ur pour plusieurs raisons :<\/p>\n<ul>\n<li><strong>Se fixer un objectif commun<\/strong>\u00a0et donner un sens aux entra\u00eenements hebdomadaires.<\/li>\n<li><strong>Se projeter vers l\u2019avenir<\/strong>\u00a0avec un d\u00e9fi motivant qui aide \u00e0 oublier la maladie.<\/li>\n<li><strong>Partager cette aventure unique<\/strong>\u00a0pour prouver que, pendant et apr\u00e8s la maladie, il est possible de relever de beaux d\u00e9fis.<\/li>\n<li><strong>Se d\u00e9passer individuellement et collectivement<\/strong>\u00a0dans un cadre exceptionnel.<\/li>\n<\/ul>\n[\/vc_column_text][vc_separator][vc_column_text]\n<h3><strong>Nos actions de pr\u00e9vention et de sensibilisation<\/strong><\/h3>\n<p>Convaincues que la pr\u00e9vention est essentielle, les Pink Ladies participent tout au long de l\u2019ann\u00e9e \u00e0 diverses actions :<\/p>\n<ul>\n<li>Stands de pr\u00e9vention lors de manifestations sportives locales.<\/li>\n<li>Participation \u00e0\u00a0<strong>Octobre Rose<\/strong>\u00a0et \u00e0 la\u00a0<strong>Journ\u00e9e Ligue contre le cancer<\/strong>.<\/li>\n<li>S\u00e9ances d\u00e9couvertes pour les patientes de l\u2019ICO, en activit\u00e9 physique adapt\u00e9e.<\/li>\n<\/ul>\n[\/vc_column_text][vc_separator][vc_column_text]\n<h3><strong>Appel aux dons : ensemble, au bout du r\u00eave<\/strong><\/h3>\n<p>Devenir partenaire des Pink Ladies du CKCA, c\u2019est s\u2019associer \u00e0 une cause solidaire et locale, tout en contribuant au financement de leur projet. Votre soutien est essentiel pour :<\/p>\n<ul>\n<li><strong>Promouvoir l\u2019association et ses actions<\/strong>\u00a0(stands, forums, communication).<\/li>\n<li><strong>Entretenir le mat\u00e9riel<\/strong>\u00a0et financer une partie des licences.<\/li>\n<li><strong>Contribuer \u00e0 la participation des Pink Ladies \u00e0 la Vogalonga 2025<\/strong>.<\/li>\n<\/ul>\n<p>Chaque don ouvre droit \u00e0 une r\u00e9duction fiscale :<\/p>\n<ul>\n<li><strong>66 % pour les particuliers<\/strong>.<\/li>\n<li><strong>60 % pour les entreprises<\/strong>.<\/li>\n<\/ul>\n[\/vc_column_text][\/vc_column][vc_column width=\u00a0\u00bb1\/3&Prime;][vc_single_image image=\u00a0\u00bb5184&Prime; img_size=\u00a0\u00bbmedium\u00a0\u00bb][vc_gallery images=\u00a0\u00bb5743,5746,5172,5167,5744,5171,5170,5169,5168,5163,5164,5165,5166,5162,5745&Prime; columns=\u00a0\u00bb4&Prime;][vc_column_text]\n<h3 style=\"text-align: center;\"><em><strong>VOUS SOUHAITEZ FAIRE UN DON <\/strong><strong>AUX PINK LADIES DU CKCA?<\/strong><\/em><br \/>\n<strong>La Billetterie du CKCA vous le permet:<\/strong><\/h3>\n<h3><iframe style=\"background: none; width: 100%; height: 400px;\" title=\"Dons Pink Ladies | Module de R\u00e9servation 1\" src=\"https:\/\/ckca.guidap.co\/export\/QoHS1ldbUpj25weRVFLyq6kD8ZCX0IYxN3Ju?lang=fr\" frameborder=\"0\" marginwidth=\"0\" marginheight=\"0\" scrolling=\"no\">\u00a0<\/iframe><\/h3>\n[\/vc_column_text][\/vc_column][\/vc_row][vc_row][vc_column width=\u00a0\u00bb1\/2&Prime;]<div class=\"person-mini\"><img loading=\"lazy\" decoding=\"async\" width=\"512\" height=\"512\" src=\"https:\/\/ckca.fr\/dev\/wp-content\/uploads\/2025\/01\/2815428.png\" class=\"attachment-large size-large\" alt=\"\" srcset=\"https:\/\/ckca.fr\/dev\/wp-content\/uploads\/2025\/01\/2815428.png 512w, https:\/\/ckca.fr\/dev\/wp-content\/uploads\/2025\/01\/2815428-300x300.png 300w, https:\/\/ckca.fr\/dev\/wp-content\/uploads\/2025\/01\/2815428-150x150.png 150w\" sizes=\"auto, (max-width: 512px) 100vw, 512px\" \/><strong>Aubane Leca<\/strong><br>02 41 72 07 04<br>aubane.leca@ckca.fr<br>\u00c9ducatrice sportive au CKCA<\/div>[\/vc_column][vc_column width=\u00a0\u00bb1\/2&Prime;]<div class=\"person-mini\"><img loading=\"lazy\" decoding=\"async\" width=\"512\" height=\"512\" src=\"https:\/\/ckca.fr\/dev\/wp-content\/uploads\/2025\/01\/2815428.png\" class=\"attachment-large size-large\" alt=\"\" srcset=\"https:\/\/ckca.fr\/dev\/wp-content\/uploads\/2025\/01\/2815428.png 512w, https:\/\/ckca.fr\/dev\/wp-content\/uploads\/2025\/01\/2815428-300x300.png 300w, https:\/\/ckca.fr\/dev\/wp-content\/uploads\/2025\/01\/2815428-150x150.png 150w\" sizes=\"auto, (max-width: 512px) 100vw, 512px\" \/><strong>Loic Faivre<\/strong><br>06 12 20 66 58<br>loic.faivre@ico.unicancer.fr<br>Enseignant en activit\u00e9 physique adapt\u00e9e (ICO)<\/div>[\/vc_column][\/vc_row][vc_row][vc_column width=\u00a0\u00bb1\/3&Prime;][vc_column_text]<img decoding=\"async\" class=\"an1\" draggable=\"false\" src=\"https:\/\/fonts.gstatic.com\/s\/e\/notoemoji\/16.0\/1f4e7\/32.png\" alt=\"\ud83d\udce7\" data-emoji=\"\ud83d\udce7\" aria-label=\"\ud83d\udce7\" \/>\u00a0<a href=\"mailto:angers.pinkladies.ckca@gmail.com\" target=\"_blank\" rel=\"noopener\">angers.pinkladies.ckca@gmail.<wbr \/>com<\/a><\/p>\n[\/vc_column_text][\/vc_column][vc_column width=\u00a0\u00bb1\/3&Prime;][vc_column_text]<img decoding=\"async\" class=\"an1\" draggable=\"false\" src=\"https:\/\/fonts.gstatic.com\/s\/e\/notoemoji\/16.0\/1f4f8\/32.png\" alt=\"\ud83d\udcf8\" data-emoji=\"\ud83d\udcf8\" aria-label=\"\ud83d\udcf8\" \/>\u00a0<strong>Instagram<\/strong>\u00a0: @dragonpinkladiesangers[\/vc_column_text][\/vc_column][vc_column width=\u00a0\u00bb1\/3&Prime;][vc_column_text]<img decoding=\"async\" class=\"an1\" draggable=\"false\" src=\"https:\/\/fonts.gstatic.com\/s\/e\/notoemoji\/16.0\/1f535\/32.png\" alt=\"\ud83d\udd35\" data-emoji=\"\ud83d\udd35\" aria-label=\"\ud83d\udd35\" \/>\u00a0<strong>Facebook<\/strong>\u00a0: Dragon Pink Ladies Angers[\/vc_column_text][\/vc_column][\/vc_row]\n","protected":false},"excerpt":{"rendered":"<p>[vc_row][vc_column width=\u00a0\u00bb2\/3&Prime;][vc_column_text] Le sport sant\u00e9Dragon PinkLadies d\u2019Angers Les Pink Ladies du CKCA Angers : pagayer vers l\u2019espoir C\u2019est en 2014, [&hellip;]<\/p>\n","protected":false},"author":1,"featured_media":0,"parent":0,"menu_order":0,"comment_status":"closed","ping_status":"closed","template":"","meta":{"footnotes":""},"class_list":["post-5161","page","type-page","status-publish","hentry"],"yoast_head":"<!-- This site is optimized with the Yoast SEO plugin v18.9 - https:\/\/yoast.com\/wordpress\/plugins\/seo\/ -->\n<title>Dragon PinkLadies d\u2019Angers - CKCA<\/title>\n<meta name=\"robots\" content=\"index, follow, max-snippet:-1, max-image-preview:large, max-video-preview:-1\" \/>\n<link rel=\"canonical\" href=\"https:\/\/ckca.fr\/dev\/pink-ladies\/\" \/>\n<meta property=\"og:locale\" content=\"fr_FR\" \/>\n<meta property=\"og:type\" content=\"article\" \/>\n<meta property=\"og:title\" content=\"Dragon PinkLadies d\u2019Angers - CKCA\" \/>\n<meta property=\"og:description\" content=\"[vc_row][vc_column width=\u00a0\u00bb2\/3&Prime;][vc_column_text] Le sport sant\u00e9Dragon PinkLadies d\u2019Angers Les Pink Ladies du CKCA Angers : pagayer vers l\u2019espoir C\u2019est en 2014, [&hellip;]\" \/>\n<meta property=\"og:url\" content=\"https:\/\/ckca.fr\/dev\/pink-ladies\/\" \/>\n<meta property=\"og:site_name\" content=\"CKCA\" \/>\n<meta property=\"article:modified_time\" content=\"2025-01-19T21:47:28+00:00\" \/>\n<meta property=\"og:image\" content=\"https:\/\/fonts.gstatic.com\/s\/e\/notoemoji\/16.0\/1f4e7\/32.png\" \/>\n<meta name=\"twitter:card\" content=\"summary_large_image\" \/>\n<meta name=\"twitter:label1\" content=\"Dur\u00e9e de lecture estim\u00e9e\" \/>\n\t<meta name=\"twitter:data1\" content=\"3 minutes\" \/>\n<script type=\"application\/ld+json\" class=\"yoast-schema-graph\">{\"@context\":\"https:\/\/schema.org\",\"@graph\":[{\"@type\":\"WebSite\",\"@id\":\"https:\/\/ckca.fr\/dev\/#website\",\"url\":\"https:\/\/ckca.fr\/dev\/\",\"name\":\"CKCA\",\"description\":\"Un site utilisant WordPress\",\"potentialAction\":[{\"@type\":\"SearchAction\",\"target\":{\"@type\":\"EntryPoint\",\"urlTemplate\":\"https:\/\/ckca.fr\/dev\/?s={search_term_string}\"},\"query-input\":\"required name=search_term_string\"}],\"inLanguage\":\"fr-FR\"},{\"@type\":\"ImageObject\",\"inLanguage\":\"fr-FR\",\"@id\":\"https:\/\/ckca.fr\/dev\/pink-ladies\/#primaryimage\",\"url\":\"https:\/\/fonts.gstatic.com\/s\/e\/notoemoji\/16.0\/1f4e7\/32.png\",\"contentUrl\":\"https:\/\/fonts.gstatic.com\/s\/e\/notoemoji\/16.0\/1f4e7\/32.png\"},{\"@type\":\"WebPage\",\"@id\":\"https:\/\/ckca.fr\/dev\/pink-ladies\/#webpage\",\"url\":\"https:\/\/ckca.fr\/dev\/pink-ladies\/\",\"name\":\"Dragon PinkLadies d\u2019Angers - CKCA\",\"isPartOf\":{\"@id\":\"https:\/\/ckca.fr\/dev\/#website\"},\"primaryImageOfPage\":{\"@id\":\"https:\/\/ckca.fr\/dev\/pink-ladies\/#primaryimage\"},\"datePublished\":\"2022-09-04T16:23:30+00:00\",\"dateModified\":\"2025-01-19T21:47:28+00:00\",\"breadcrumb\":{\"@id\":\"https:\/\/ckca.fr\/dev\/pink-ladies\/#breadcrumb\"},\"inLanguage\":\"fr-FR\",\"potentialAction\":[{\"@type\":\"ReadAction\",\"target\":[\"https:\/\/ckca.fr\/dev\/pink-ladies\/\"]}]},{\"@type\":\"BreadcrumbList\",\"@id\":\"https:\/\/ckca.fr\/dev\/pink-ladies\/#breadcrumb\",\"itemListElement\":[{\"@type\":\"ListItem\",\"position\":1,\"name\":\"Accueil\",\"item\":\"https:\/\/ckca.fr\/dev\/\"},{\"@type\":\"ListItem\",\"position\":2,\"name\":\"Dragon PinkLadies d\u2019Angers\"}]}]}<\/script>\n<!-- \/ Yoast SEO plugin. -->","yoast_head_json":{"title":"Dragon PinkLadies d\u2019Angers - CKCA","robots":{"index":"index","follow":"follow","max-snippet":"max-snippet:-1","max-image-preview":"max-image-preview:large","max-video-preview":"max-video-preview:-1"},"canonical":"https:\/\/ckca.fr\/dev\/pink-ladies\/","og_locale":"fr_FR","og_type":"article","og_title":"Dragon PinkLadies d\u2019Angers - CKCA","og_description":"[vc_row][vc_column width=\u00a0\u00bb2\/3&Prime;][vc_column_text] Le sport sant\u00e9Dragon PinkLadies d\u2019Angers Les Pink Ladies du CKCA Angers : pagayer vers l\u2019espoir C\u2019est en 2014, [&hellip;]","og_url":"https:\/\/ckca.fr\/dev\/pink-ladies\/","og_site_name":"CKCA","article_modified_time":"2025-01-19T21:47:28+00:00","og_image":[{"url":"https:\/\/fonts.gstatic.com\/s\/e\/notoemoji\/16.0\/1f4e7\/32.png"}],"twitter_card":"summary_large_image","twitter_misc":{"Dur\u00e9e de lecture estim\u00e9e":"3 minutes"},"schema":{"@context":"https:\/\/schema.org","@graph":[{"@type":"WebSite","@id":"https:\/\/ckca.fr\/dev\/#website","url":"https:\/\/ckca.fr\/dev\/","name":"CKCA","description":"Un site utilisant WordPress","potentialAction":[{"@type":"SearchAction","target":{"@type":"EntryPoint","urlTemplate":"https:\/\/ckca.fr\/dev\/?s={search_term_string}"},"query-input":"required name=search_term_string"}],"inLanguage":"fr-FR"},{"@type":"ImageObject","inLanguage":"fr-FR","@id":"https:\/\/ckca.fr\/dev\/pink-ladies\/#primaryimage","url":"https:\/\/fonts.gstatic.com\/s\/e\/notoemoji\/16.0\/1f4e7\/32.png","contentUrl":"https:\/\/fonts.gstatic.com\/s\/e\/notoemoji\/16.0\/1f4e7\/32.png"},{"@type":"WebPage","@id":"https:\/\/ckca.fr\/dev\/pink-ladies\/#webpage","url":"https:\/\/ckca.fr\/dev\/pink-ladies\/","name":"Dragon PinkLadies d\u2019Angers - CKCA","isPartOf":{"@id":"https:\/\/ckca.fr\/dev\/#website"},"primaryImageOfPage":{"@id":"https:\/\/ckca.fr\/dev\/pink-ladies\/#primaryimage"},"datePublished":"2022-09-04T16:23:30+00:00","dateModified":"2025-01-19T21:47:28+00:00","breadcrumb":{"@id":"https:\/\/ckca.fr\/dev\/pink-ladies\/#breadcrumb"},"inLanguage":"fr-FR","potentialAction":[{"@type":"ReadAction","target":["https:\/\/ckca.fr\/dev\/pink-ladies\/"]}]},{"@type":"BreadcrumbList","@id":"https:\/\/ckca.fr\/dev\/pink-ladies\/#breadcrumb","itemListElement":[{"@type":"ListItem","position":1,"name":"Accueil","item":"https:\/\/ckca.fr\/dev\/"},{"@type":"ListItem","position":2,"name":"Dragon PinkLadies d\u2019Angers"}]}]}},"_links":{"self":[{"href":"https:\/\/ckca.fr\/dev\/wp-json\/wp\/v2\/pages\/5161","targetHints":{"allow":["GET"]}}],"collection":[{"href":"https:\/\/ckca.fr\/dev\/wp-json\/wp\/v2\/pages"}],"about":[{"href":"https:\/\/ckca.fr\/dev\/wp-json\/wp\/v2\/types\/page"}],"author":[{"embeddable":true,"href":"https:\/\/ckca.fr\/dev\/wp-json\/wp\/v2\/users\/1"}],"replies":[{"embeddable":true,"href":"https:\/\/ckca.fr\/dev\/wp-json\/wp\/v2\/comments?post=5161"}],"version-history":[{"count":39,"href":"https:\/\/ckca.fr\/dev\/wp-json\/wp\/v2\/pages\/5161\/revisions"}],"predecessor-version":[{"id":5749,"href":"https:\/\/ckca.fr\/dev\/wp-json\/wp\/v2\/pages\/5161\/revisions\/5749"}],"wp:attachment":[{"href":"https:\/\/ckca.fr\/dev\/wp-json\/wp\/v2\/media?parent=5161"}],"curies":[{"name":"wp","href":"https:\/\/api.w.org\/{rel}","templated":true}]}}