{"id":4896,"date":"2022-05-04T13:08:05","date_gmt":"2022-05-04T11:08:05","guid":{"rendered":"https:\/\/ckca.fr\/dev\/?page_id=4896"},"modified":"2022-05-15T23:09:20","modified_gmt":"2022-05-15T21:09:20","slug":"tap","status":"publish","type":"page","link":"https:\/\/ckca.fr\/dev\/tap\/","title":{"rendered":"Temps Activit\u00e9 du Midi (TAP)"},"content":{"rendered":"[vc_row][vc_column width=\u00a0\u00bb2\/3&Prime;][vc_column_text]\n<p style=\"margin: 0px 0px 1.857em; padding: 0px; border: 0px; vertical-align: baseline; font-size: 13px; font-family: 'Open Sans', Arial, sans-serif; color: #606569; background-color: #ffffff;\"><strong style=\"margin: 0px; padding: 0px; border: 0px; vertical-align: baseline; font-family: inherit;\">Temps d\u2019Animation du Midi\u00a0<\/strong>:<\/p>\n<p style=\"margin: 0px 0px 1.857em; padding: 0px; border: 0px; vertical-align: baseline; font-size: 13px; font-family: 'Open Sans', Arial, sans-serif; color: #606569; background-color: #ffffff;\">Pendant la semaine de stage de 12h \u00e0 14h les enfants sont sous la surveillance d\u2019un animateur.<\/p>\n<p style=\"margin: 0px 0px 1.857em; padding: 0px; border: 0px; vertical-align: baseline; font-size: 13px; font-family: 'Open Sans', Arial, sans-serif; color: #606569; background-color: #ffffff;\">Un premier temps commun est consacr\u00e9 au pique-nique (\u00e0 pr\u00e9voir par les stagiaires), suivi d\u2019un temps d\u2019activit\u00e9 choisi en fonction du souhait et des motivations du groupe (repos, jeux de soci\u00e9t\u00e9, de plein-air, baignade surveill\u00e9e\u2026).<\/p>\n[\/vc_column_text][vc_gallery images=\u00a0\u00bb4506,4196,4913,4912&Prime; columns=\u00a0\u00bb5&Prime;][\/vc_column][vc_column width=\u00a0\u00bb1\/3&Prime;][vc_column_text]<iframe style=\"background: none; width: 100%; height: 400px;\" title=\"Temps d'activit\u00e9 du midi (TAP) | Module de R\u00e9servation 1\" src=\"https:\/\/ckca.guidap.co\/export\/IAlLGt4rU6hSTBVCyFDOko2jx8ZzRpwiK9nM?lang=fr\" frameborder=\"0\" marginwidth=\"0\" marginheight=\"0\" scrolling=\"no\">\u00a0<\/iframe>[\/vc_column_text][\/vc_column][\/vc_row][vc_row][vc_column][vc_message]Pour utiliser votre billet, pr\u00e9sentez-vous simplement \u00e0 l&rsquo;accueil de la base Canoe Kayak Club Angers.[\/vc_message][\/vc_column][\/vc_row]\n","protected":false},"excerpt":{"rendered":"<p>[vc_row][vc_column width=\u00a0\u00bb2\/3&Prime;][vc_column_text] Temps d\u2019Animation du Midi\u00a0: Pendant la semaine de stage de 12h \u00e0 14h les enfants sont sous la [&hellip;]<\/p>\n","protected":false},"author":1,"featured_media":0,"parent":0,"menu_order":0,"comment_status":"closed","ping_status":"closed","template":"","meta":{"footnotes":""},"class_list":["post-4896","page","type-page","status-publish","hentry"],"yoast_head":"<!-- This site is optimized with the Yoast SEO plugin v18.9 - https:\/\/yoast.com\/wordpress\/plugins\/seo\/ -->\n<title>Temps Activit\u00e9 du Midi (TAP) - CKCA<\/title>\n<meta name=\"robots\" content=\"index, follow, max-snippet:-1, max-image-preview:large, max-video-preview:-1\" \/>\n<link rel=\"canonical\" href=\"https:\/\/ckca.fr\/dev\/tap\/\" \/>\n<meta property=\"og:locale\" content=\"fr_FR\" \/>\n<meta property=\"og:type\" content=\"article\" \/>\n<meta property=\"og:title\" content=\"Temps Activit\u00e9 du Midi (TAP) - CKCA\" \/>\n<meta property=\"og:description\" content=\"[vc_row][vc_column width=\u00a0\u00bb2\/3&Prime;][vc_column_text] Temps d\u2019Animation du Midi\u00a0: Pendant la semaine de stage de 12h \u00e0 14h les enfants sont sous la [&hellip;]\" \/>\n<meta property=\"og:url\" content=\"https:\/\/ckca.fr\/dev\/tap\/\" \/>\n<meta property=\"og:site_name\" content=\"CKCA\" \/>\n<meta property=\"article:modified_time\" content=\"2022-05-15T21:09:20+00:00\" \/>\n<meta name=\"twitter:card\" content=\"summary_large_image\" \/>\n<meta name=\"twitter:label1\" content=\"Dur\u00e9e de lecture estim\u00e9e\" \/>\n\t<meta name=\"twitter:data1\" content=\"1 minute\" \/>\n<script type=\"application\/ld+json\" class=\"yoast-schema-graph\">{\"@context\":\"https:\/\/schema.org\",\"@graph\":[{\"@type\":\"WebSite\",\"@id\":\"https:\/\/ckca.fr\/dev\/#website\",\"url\":\"https:\/\/ckca.fr\/dev\/\",\"name\":\"CKCA\",\"description\":\"Un site utilisant WordPress\",\"potentialAction\":[{\"@type\":\"SearchAction\",\"target\":{\"@type\":\"EntryPoint\",\"urlTemplate\":\"https:\/\/ckca.fr\/dev\/?s={search_term_string}\"},\"query-input\":\"required name=search_term_string\"}],\"inLanguage\":\"fr-FR\"},{\"@type\":\"WebPage\",\"@id\":\"https:\/\/ckca.fr\/dev\/tap\/#webpage\",\"url\":\"https:\/\/ckca.fr\/dev\/tap\/\",\"name\":\"Temps Activit\u00e9 du Midi (TAP) - CKCA\",\"isPartOf\":{\"@id\":\"https:\/\/ckca.fr\/dev\/#website\"},\"datePublished\":\"2022-05-04T11:08:05+00:00\",\"dateModified\":\"2022-05-15T21:09:20+00:00\",\"breadcrumb\":{\"@id\":\"https:\/\/ckca.fr\/dev\/tap\/#breadcrumb\"},\"inLanguage\":\"fr-FR\",\"potentialAction\":[{\"@type\":\"ReadAction\",\"target\":[\"https:\/\/ckca.fr\/dev\/tap\/\"]}]},{\"@type\":\"BreadcrumbList\",\"@id\":\"https:\/\/ckca.fr\/dev\/tap\/#breadcrumb\",\"itemListElement\":[{\"@type\":\"ListItem\",\"position\":1,\"name\":\"Accueil\",\"item\":\"https:\/\/ckca.fr\/dev\/\"},{\"@type\":\"ListItem\",\"position\":2,\"name\":\"Temps Activit\u00e9 du Midi (TAP)\"}]}]}<\/script>\n<!-- \/ Yoast SEO plugin. -->","yoast_head_json":{"title":"Temps Activit\u00e9 du Midi (TAP) - CKCA","robots":{"index":"index","follow":"follow","max-snippet":"max-snippet:-1","max-image-preview":"max-image-preview:large","max-video-preview":"max-video-preview:-1"},"canonical":"https:\/\/ckca.fr\/dev\/tap\/","og_locale":"fr_FR","og_type":"article","og_title":"Temps Activit\u00e9 du Midi (TAP) - CKCA","og_description":"[vc_row][vc_column width=\u00a0\u00bb2\/3&Prime;][vc_column_text] Temps d\u2019Animation du Midi\u00a0: Pendant la semaine de stage de 12h \u00e0 14h les enfants sont sous la [&hellip;]","og_url":"https:\/\/ckca.fr\/dev\/tap\/","og_site_name":"CKCA","article_modified_time":"2022-05-15T21:09:20+00:00","twitter_card":"summary_large_image","twitter_misc":{"Dur\u00e9e de lecture estim\u00e9e":"1 minute"},"schema":{"@context":"https:\/\/schema.org","@graph":[{"@type":"WebSite","@id":"https:\/\/ckca.fr\/dev\/#website","url":"https:\/\/ckca.fr\/dev\/","name":"CKCA","description":"Un site utilisant WordPress","potentialAction":[{"@type":"SearchAction","target":{"@type":"EntryPoint","urlTemplate":"https:\/\/ckca.fr\/dev\/?s={search_term_string}"},"query-input":"required name=search_term_string"}],"inLanguage":"fr-FR"},{"@type":"WebPage","@id":"https:\/\/ckca.fr\/dev\/tap\/#webpage","url":"https:\/\/ckca.fr\/dev\/tap\/","name":"Temps Activit\u00e9 du Midi (TAP) - CKCA","isPartOf":{"@id":"https:\/\/ckca.fr\/dev\/#website"},"datePublished":"2022-05-04T11:08:05+00:00","dateModified":"2022-05-15T21:09:20+00:00","breadcrumb":{"@id":"https:\/\/ckca.fr\/dev\/tap\/#breadcrumb"},"inLanguage":"fr-FR","potentialAction":[{"@type":"ReadAction","target":["https:\/\/ckca.fr\/dev\/tap\/"]}]},{"@type":"BreadcrumbList","@id":"https:\/\/ckca.fr\/dev\/tap\/#breadcrumb","itemListElement":[{"@type":"ListItem","position":1,"name":"Accueil","item":"https:\/\/ckca.fr\/dev\/"},{"@type":"ListItem","position":2,"name":"Temps Activit\u00e9 du Midi (TAP)"}]}]}},"_links":{"self":[{"href":"https:\/\/ckca.fr\/dev\/wp-json\/wp\/v2\/pages\/4896","targetHints":{"allow":["GET"]}}],"collection":[{"href":"https:\/\/ckca.fr\/dev\/wp-json\/wp\/v2\/pages"}],"about":[{"href":"https:\/\/ckca.fr\/dev\/wp-json\/wp\/v2\/types\/page"}],"author":[{"embeddable":true,"href":"https:\/\/ckca.fr\/dev\/wp-json\/wp\/v2\/users\/1"}],"replies":[{"embeddable":true,"href":"https:\/\/ckca.fr\/dev\/wp-json\/wp\/v2\/comments?post=4896"}],"version-history":[{"count":8,"href":"https:\/\/ckca.fr\/dev\/wp-json\/wp\/v2\/pages\/4896\/revisions"}],"predecessor-version":[{"id":5009,"href":"https:\/\/ckca.fr\/dev\/wp-json\/wp\/v2\/pages\/4896\/revisions\/5009"}],"wp:attachment":[{"href":"https:\/\/ckca.fr\/dev\/wp-json\/wp\/v2\/media?parent=4896"}],"curies":[{"name":"wp","href":"https:\/\/api.w.org\/{rel}","templated":true}]}}