{"id":4891,"date":"2022-05-03T23:16:28","date_gmt":"2022-05-03T21:16:28","guid":{"rendered":"https:\/\/ckca.fr\/dev\/?page_id=4891"},"modified":"2026-01-20T15:41:35","modified_gmt":"2026-01-20T14:41:35","slug":"adherer","status":"publish","type":"page","link":"https:\/\/ckca.fr\/dev\/adherer\/","title":{"rendered":"Adh\u00e9rer"},"content":{"rendered":"[vc_row][vc_column width=\u00a0\u00bb1\/2&Prime;][vc_column_text]\n<div class=\"row cf builder\">\n<div class=\"column builder one-1\">\n<div class=\"textwidget post-content\">\n<h2 style=\"text-align: center;\"><small>Vous souhaitez adh\u00e9rer ou renouveler au CKCA pour la saison\u00a0 2026.<\/small><\/h2>\n<h5><span style=\"font-family: Times New Roman, serif;\"><span style=\"font-size: medium;\"><span style=\"font-family: Roboto, serif;\"><span style=\"font-size: small;\">En cette fin d&rsquo;ann\u00e9e 2025 et pendant tout le d\u00e9but d&rsquo;ann\u00e9e 2026, nous vous invitons \u00e0 renouveler ou \u00e0 prendre votre licence 12 mois au club de cano\u00eb kayak d&rsquo;Angers!<\/span><\/span><\/span><\/span><\/h5>\n<p>Nous vous proposons plusieurs Formules, avec un engagement sur 12 mois (jusqu&rsquo;\u00e0 d\u00e9cembre 2027) ou un engagement d\u00e9couverte de 3 mois dans les diff\u00e9rentes sections que le club propose.<\/p>\n<p>Ecole de pagaies de 8 ans \u00e0 15 ans avec 2 s\u00e9ances possibles par semaine (mercredi et samedi apr\u00e8s midi de 14h \u00e0 16h30)<\/p>\n<p><img loading=\"lazy\" decoding=\"async\" class=\"size-medium wp-image-4201 aligncenter\" src=\"https:\/\/ckca.fr\/dev\/wp-content\/uploads\/2022\/04\/IMGP0384-343x215-1-300x188.jpg\" alt=\"\" width=\"300\" height=\"188\" srcset=\"https:\/\/ckca.fr\/dev\/wp-content\/uploads\/2022\/04\/IMGP0384-343x215-1-300x188.jpg 300w, https:\/\/ckca.fr\/dev\/wp-content\/uploads\/2022\/04\/IMGP0384-343x215-1.jpg 343w\" sizes=\"auto, (max-width: 300px) 100vw, 300px\" \/><\/p>\n<p>Pagaie-Loisir : groupe adultes (\u00e0 partir de 16 ans) avec une s\u00e9ance par semaine le samedi matin de 10h \u00e0 12h et\/ou\u00a0 l&rsquo;apr\u00e8s midi de 14h \u00e0 17h .(D&rsquo;autres s\u00e9ances et des sorties sur plusieurs jours sont \u00e9galement propos\u00e9es)<\/p>\n<p><img loading=\"lazy\" decoding=\"async\" class=\"size-medium wp-image-5111 aligncenter\" src=\"https:\/\/ckca.fr\/dev\/wp-content\/uploads\/2022\/08\/groupe-pagaies-loisir-CKCA-300x225.jpg\" alt=\"\" width=\"300\" height=\"225\" srcset=\"https:\/\/ckca.fr\/dev\/wp-content\/uploads\/2022\/08\/groupe-pagaies-loisir-CKCA-300x225.jpg 300w, https:\/\/ckca.fr\/dev\/wp-content\/uploads\/2022\/08\/groupe-pagaies-loisir-CKCA-1024x768.jpg 1024w, https:\/\/ckca.fr\/dev\/wp-content\/uploads\/2022\/08\/groupe-pagaies-loisir-CKCA-768x576.jpg 768w, https:\/\/ckca.fr\/dev\/wp-content\/uploads\/2022\/08\/groupe-pagaies-loisir-CKCA-1536x1152.jpg 1536w, https:\/\/ckca.fr\/dev\/wp-content\/uploads\/2022\/08\/groupe-pagaies-loisir-CKCA-2048x1536.jpg 2048w\" sizes=\"auto, (max-width: 300px) 100vw, 300px\" \/><\/p>\n<p>Activit\u00e9 Comp\u00e9tition (ESACK) de 15 ans\u00a0 \u00e0 60 ans\u00a0 Avec jusqu&rsquo;\u00e0 5 cr\u00e9neaux d&rsquo;entrainement par semaine. Du lundi au vendredi de 16h \u00e0 18h et le samedi de 14h \u00e0 17h.<\/p>\n<p><img loading=\"lazy\" decoding=\"async\" class=\"size-medium wp-image-4469 aligncenter\" src=\"https:\/\/ckca.fr\/dev\/wp-content\/uploads\/2022\/04\/IMG_20220227_121204_1-2-300x225.jpg\" alt=\"\" width=\"300\" height=\"225\" srcset=\"https:\/\/ckca.fr\/dev\/wp-content\/uploads\/2022\/04\/IMG_20220227_121204_1-2-300x225.jpg 300w, https:\/\/ckca.fr\/dev\/wp-content\/uploads\/2022\/04\/IMG_20220227_121204_1-2-1024x768.jpg 1024w, https:\/\/ckca.fr\/dev\/wp-content\/uploads\/2022\/04\/IMG_20220227_121204_1-2-768x576.jpg 768w, https:\/\/ckca.fr\/dev\/wp-content\/uploads\/2022\/04\/IMG_20220227_121204_1-2.jpg 1154w\" sizes=\"auto, (max-width: 300px) 100vw, 300px\" \/><\/p>\n<p>Dragon Pink Ladies : Personnes confront\u00e9es \u00e0 des cancers avec une s\u00e9ance par semaine. Le samedi de 10h \u00e0 12h.<\/p>\n<p><img loading=\"lazy\" decoding=\"async\" class=\"size-medium wp-image-5179 aligncenter\" src=\"https:\/\/ckca.fr\/dev\/wp-content\/uploads\/2022\/09\/2022-groupe-pink-2-1-e1662309327345-300x131.jpg\" alt=\"\" width=\"300\" height=\"131\" srcset=\"https:\/\/ckca.fr\/dev\/wp-content\/uploads\/2022\/09\/2022-groupe-pink-2-1-e1662309327345-300x131.jpg 300w, https:\/\/ckca.fr\/dev\/wp-content\/uploads\/2022\/09\/2022-groupe-pink-2-1-e1662309327345-768x336.jpg 768w, https:\/\/ckca.fr\/dev\/wp-content\/uploads\/2022\/09\/2022-groupe-pink-2-1-e1662309327345.jpg 1024w\" sizes=\"auto, (max-width: 300px) 100vw, 300px\" \/><\/p>\n<p><span style=\"font-family: Times New Roman, serif;\"><span style=\"font-size: medium;\"><span style=\"font-family: Roboto, serif;\"><span style=\"font-size: small;\">NB : Des s\u00e9ances en piscine sont \u00e9galement propos\u00e9es le mercredi soir de 20h \u00e0 21h.<\/span><\/span><\/span><\/span><\/p>\n<p><strong><span style=\"font-family: Times New Roman, serif;\"><span style=\"font-size: medium;\"><span style=\"font-family: Roboto, serif;\"><span style=\"font-size: small;\">1- Choisissez votre formule.<\/span><\/span><\/span><\/span><\/strong><\/p>\n<p><strong><span style=\"font-family: Times New Roman, serif;\"><span style=\"font-size: medium;\"><span style=\"font-family: Roboto, serif;\"><span style=\"font-size: small;\">2- Effectuez le paiement en ligne.<\/span><\/span><\/span><\/span><\/strong><\/p>\n<p><strong><span style=\"font-family: Times New Roman, serif;\"><span style=\"font-size: medium;\"><span style=\"font-family: Roboto, serif;\"><span style=\"font-size: small;\">3- Vous recevrez un mail de confirmation.<\/span><\/span><\/span><\/span><\/strong><\/p>\n<p><strong><span style=\"font-family: Times New Roman, serif;\"><span style=\"font-size: medium;\"><span style=\"font-family: Roboto, serif;\"><span style=\"font-size: small;\">4- Sur ce mail utilisez le lien afin de remplir le formulaire d&rsquo;inscription en ligne et t\u00e9l\u00e9charger\u00a0 les 3 documents \u00e0\u00a0 joindre\u00a0<\/span><\/span><\/span><\/span><\/strong><\/p>\n<ul>\n<li>Votre photo<\/li>\n<li><a href=\"https:\/\/www.ffck.org\/wp-content\/uploads\/2025\/09\/Notice-individuelle_FFCK_09-2025.pdf\">Notice individuelle d&rsquo;assurance sign\u00e9e<\/a><\/li>\n<li>Votre certificat ou le <a href=\"https:\/\/ckca.fr\/dev\/wp-content\/uploads\/2022\/05\/QS-Sport-mineurs.pdf\">QS-sport mineur<\/a> ou le <a href=\"https:\/\/ckca.fr\/dev\/wp-content\/uploads\/2022\/05\/QS-Sport-majeurs.pdf\">QS-sport majeur<\/a><\/li>\n<\/ul>\n<p><span style=\"font-family: Times New Roman, serif;\"><span style=\"font-size: medium;\"><span style=\"font-family: Roboto, serif;\"><span style=\"font-size: small;\"><strong>5- Votre licence est valid\u00e9e<\/strong>.<\/span><\/span><\/span><\/span><\/p>\n<p><strong>6- R\u00e8glement int\u00e9rieur du CKCA<\/strong><\/p>\n<\/div>\n<\/div>\n<p>Pour un bon fonctionnement du Club veuillez trouver notre r\u00e9glement int\u00e9rieur <a href=\"https:\/\/ckca.fr\/dev\/wp-content\/uploads\/2023\/10\/REGLEMENT-INTERIEUR-DU-CLUB-25-septembre-2023.pdf\">ICI<\/a><\/p>\n<\/div>\n[\/vc_column_text][\/vc_column][vc_column width=\u00a0\u00bb1\/2&Prime;][vc_message color=\u00a0\u00bbalert-warning\u00a0\u00bb message_box_color=\u00a0\u00bbalert-warning\u00a0\u00bb icon_type=\u00a0\u00bbpixelicons\u00a0\u00bb icon_pixelicons=\u00a0\u00bbvc_pixel_icon vc_pixel_icon-alert\u00a0\u00bb]Cette d\u00e9marche se fait exclusivement sur cette page.[\/vc_message][vc_column_text]<iframe style=\"background: none; width: 100%; height: 750px;\" title=\"Adh\u00e9sion CKCA | Module de R\u00e9servation 1\" src=\"https:\/\/ckca.guidap.co\/export\/objSAOPKzsg5Z286TfehndpQNwqFYIim1Eu3?lang=fr\" frameborder=\"0\" marginwidth=\"0\" marginheight=\"0\" scrolling=\"no\">\u00a0<\/iframe>[\/vc_column_text][vc_message color=\u00a0\u00bbalert-success\u00a0\u00bb message_box_color=\u00a0\u00bbalert-success\u00a0\u00bb icon_type=\u00a0\u00bbpixelicons\u00a0\u00bb icon_pixelicons=\u00a0\u00bbvc_pixel_icon vc_pixel_icon-tick\u00a0\u00bb]\n<ul>\n<li>Paiement possible soit en ch\u00e8ques vacances, coupon sport, ou 3 fois sans frais.<\/li>\n<li>Pour les licences avec des aides (carte partenaire, Epass, r\u00e9gion&#8230;) Envoyez nous votre justificatif et nous vous enverrons en code de r\u00e9duction sur votre licence valable pour le paiement en ligne de votre licence.<br \/>\n<a href=\"https:\/\/ckca.fr\/dev\/contact-2\/\">Contactez-nous.<\/a><\/li>\n<\/ul>\n[\/vc_message][vc_message color=\u00a0\u00bbinfo\u00a0\u00bb]\n<div class=\"row cf builder\">\n<div class=\"column builder one-1\">\n<div class=\"textwidget post-content\">\n<h2 style=\"text-align: center;\"><small>Documents \u00e0 t\u00e9l\u00e9charger ci-dessous et \u00e0 compl\u00e9ter de mani\u00e8re \u00e0 remplir votre formulaire d&rsquo;inscription en ligne<\/small><\/h2>\n<p>Une photo d\u2019identit\u00e9<br \/>\nUne<a href=\"https:\/\/www.ffck.org\/wp-content\/uploads\/2025\/09\/Notice-individuelle_FFCK_09-2025.pdf\">\u00a0<strong>Notice individuelle dommages corporels <\/strong><\/a>\u2013 assurance MAIF<br \/>\nUn Certificat M\u00e9dical ou un Questionnaire de Sant\u00e9. ATTENTION, nouvelles modalit\u00e9s : voir <strong>Sch\u00e9ma <a href=\"https:\/\/ckca.fr\/dev\/wp-content\/uploads\/2022\/05\/Schema-Certificat-Medical.pdf\" target=\"_blank\" rel=\"noopener\">Certificat M\u00e9dical<\/a><\/strong>. Selon votre situation, t\u00e9l\u00e9charger et compl\u00e9ter (ou faire compl\u00e9ter) l\u2019un des documents suivant :<\/p>\n<p>Un Certificat M\u00e9dical (mod\u00e8le \u00e0 pr\u00e9senter \u00e0 votre m\u00e9decin) attestant de l\u2019absence de contre-indication \u00e0 la pratique du sport ou du cano\u00eb kayak datant de moins d\u2019un an ou six mois selon le cas (la mention \u201csport ou cano\u00eb-kayak en comp\u00e9tition\u201d est obligatoire\u200b pour les comp\u00e9titeurs)<br \/>\nou un\u00a0Questionnaire de Sant\u00e9 \u00ab QS \u2013 SPORT \u00bb\u00a0avec son attestation<\/p>\n<p><strong><a href=\"https:\/\/ckca.fr\/dev\/wp-content\/uploads\/2022\/05\/QS-Sport-mineurs.pdf\" target=\"_blank\" rel=\"noopener\">QS \u2013 SPORT pratiquant mineur<\/a><\/strong><br \/>\n<strong><a href=\"https:\/\/ckca.fr\/dev\/wp-content\/uploads\/2022\/05\/QS-Sport-majeurs.pdf\" target=\"_blank\" rel=\"noopener\">QS \u2013 SPORT pratiquant majeur<\/a><\/strong><\/p>\n<\/div>\n<\/div>\n<\/div>\n[\/vc_message][\/vc_column][\/vc_row][vc_row][vc_column width=\u00a0\u00bb1\/2&Prime;][\/vc_column][vc_column width=\u00a0\u00bb1\/2&Prime;][\/vc_column][\/vc_row]\n","protected":false},"excerpt":{"rendered":"<p>[vc_row][vc_column width=\u00a0\u00bb1\/2&Prime;][vc_column_text] Vous souhaitez adh\u00e9rer ou renouveler au CKCA pour la saison\u00a0 2026. En cette fin d&rsquo;ann\u00e9e 2025 et pendant [&hellip;]<\/p>\n","protected":false},"author":1,"featured_media":0,"parent":0,"menu_order":0,"comment_status":"closed","ping_status":"closed","template":"","meta":{"footnotes":""},"class_list":["post-4891","page","type-page","status-publish","hentry"],"yoast_head":"<!-- This site is optimized with the Yoast SEO plugin v18.9 - https:\/\/yoast.com\/wordpress\/plugins\/seo\/ -->\n<title>Adh\u00e9rer - CKCA<\/title>\n<meta name=\"robots\" content=\"index, follow, max-snippet:-1, max-image-preview:large, max-video-preview:-1\" \/>\n<link rel=\"canonical\" href=\"https:\/\/ckca.fr\/dev\/adherer\/\" \/>\n<meta property=\"og:locale\" content=\"fr_FR\" \/>\n<meta property=\"og:type\" content=\"article\" \/>\n<meta property=\"og:title\" content=\"Adh\u00e9rer - CKCA\" \/>\n<meta property=\"og:description\" content=\"[vc_row][vc_column width=\u00a0\u00bb1\/2&Prime;][vc_column_text] Vous souhaitez adh\u00e9rer ou renouveler au CKCA pour la saison\u00a0 2026. En cette fin d&rsquo;ann\u00e9e 2025 et pendant [&hellip;]\" \/>\n<meta property=\"og:url\" content=\"https:\/\/ckca.fr\/dev\/adherer\/\" \/>\n<meta property=\"og:site_name\" content=\"CKCA\" \/>\n<meta property=\"article:modified_time\" content=\"2026-01-20T14:41:35+00:00\" \/>\n<meta property=\"og:image\" content=\"https:\/\/ckca.fr\/dev\/wp-content\/uploads\/2022\/04\/IMGP0384-343x215-1-300x188.jpg\" \/>\n<meta name=\"twitter:card\" content=\"summary_large_image\" \/>\n<meta name=\"twitter:label1\" content=\"Dur\u00e9e de lecture estim\u00e9e\" \/>\n\t<meta name=\"twitter:data1\" content=\"3 minutes\" \/>\n<script type=\"application\/ld+json\" class=\"yoast-schema-graph\">{\"@context\":\"https:\/\/schema.org\",\"@graph\":[{\"@type\":\"WebSite\",\"@id\":\"https:\/\/ckca.fr\/dev\/#website\",\"url\":\"https:\/\/ckca.fr\/dev\/\",\"name\":\"CKCA\",\"description\":\"Un site utilisant WordPress\",\"potentialAction\":[{\"@type\":\"SearchAction\",\"target\":{\"@type\":\"EntryPoint\",\"urlTemplate\":\"https:\/\/ckca.fr\/dev\/?s={search_term_string}\"},\"query-input\":\"required name=search_term_string\"}],\"inLanguage\":\"fr-FR\"},{\"@type\":\"ImageObject\",\"inLanguage\":\"fr-FR\",\"@id\":\"https:\/\/ckca.fr\/dev\/adherer\/#primaryimage\",\"url\":\"https:\/\/ckca.fr\/dev\/wp-content\/uploads\/2022\/04\/IMGP0384-343x215-1.jpg\",\"contentUrl\":\"https:\/\/ckca.fr\/dev\/wp-content\/uploads\/2022\/04\/IMGP0384-343x215-1.jpg\",\"width\":343,\"height\":215},{\"@type\":\"WebPage\",\"@id\":\"https:\/\/ckca.fr\/dev\/adherer\/#webpage\",\"url\":\"https:\/\/ckca.fr\/dev\/adherer\/\",\"name\":\"Adh\u00e9rer - CKCA\",\"isPartOf\":{\"@id\":\"https:\/\/ckca.fr\/dev\/#website\"},\"primaryImageOfPage\":{\"@id\":\"https:\/\/ckca.fr\/dev\/adherer\/#primaryimage\"},\"datePublished\":\"2022-05-03T21:16:28+00:00\",\"dateModified\":\"2026-01-20T14:41:35+00:00\",\"breadcrumb\":{\"@id\":\"https:\/\/ckca.fr\/dev\/adherer\/#breadcrumb\"},\"inLanguage\":\"fr-FR\",\"potentialAction\":[{\"@type\":\"ReadAction\",\"target\":[\"https:\/\/ckca.fr\/dev\/adherer\/\"]}]},{\"@type\":\"BreadcrumbList\",\"@id\":\"https:\/\/ckca.fr\/dev\/adherer\/#breadcrumb\",\"itemListElement\":[{\"@type\":\"ListItem\",\"position\":1,\"name\":\"Accueil\",\"item\":\"https:\/\/ckca.fr\/dev\/\"},{\"@type\":\"ListItem\",\"position\":2,\"name\":\"Adh\u00e9rer\"}]}]}<\/script>\n<!-- \/ Yoast SEO plugin. -->","yoast_head_json":{"title":"Adh\u00e9rer - CKCA","robots":{"index":"index","follow":"follow","max-snippet":"max-snippet:-1","max-image-preview":"max-image-preview:large","max-video-preview":"max-video-preview:-1"},"canonical":"https:\/\/ckca.fr\/dev\/adherer\/","og_locale":"fr_FR","og_type":"article","og_title":"Adh\u00e9rer - CKCA","og_description":"[vc_row][vc_column width=\u00a0\u00bb1\/2&Prime;][vc_column_text] Vous souhaitez adh\u00e9rer ou renouveler au CKCA pour la saison\u00a0 2026. En cette fin d&rsquo;ann\u00e9e 2025 et pendant [&hellip;]","og_url":"https:\/\/ckca.fr\/dev\/adherer\/","og_site_name":"CKCA","article_modified_time":"2026-01-20T14:41:35+00:00","og_image":[{"url":"https:\/\/ckca.fr\/dev\/wp-content\/uploads\/2022\/04\/IMGP0384-343x215-1-300x188.jpg"}],"twitter_card":"summary_large_image","twitter_misc":{"Dur\u00e9e de lecture estim\u00e9e":"3 minutes"},"schema":{"@context":"https:\/\/schema.org","@graph":[{"@type":"WebSite","@id":"https:\/\/ckca.fr\/dev\/#website","url":"https:\/\/ckca.fr\/dev\/","name":"CKCA","description":"Un site utilisant WordPress","potentialAction":[{"@type":"SearchAction","target":{"@type":"EntryPoint","urlTemplate":"https:\/\/ckca.fr\/dev\/?s={search_term_string}"},"query-input":"required name=search_term_string"}],"inLanguage":"fr-FR"},{"@type":"ImageObject","inLanguage":"fr-FR","@id":"https:\/\/ckca.fr\/dev\/adherer\/#primaryimage","url":"https:\/\/ckca.fr\/dev\/wp-content\/uploads\/2022\/04\/IMGP0384-343x215-1.jpg","contentUrl":"https:\/\/ckca.fr\/dev\/wp-content\/uploads\/2022\/04\/IMGP0384-343x215-1.jpg","width":343,"height":215},{"@type":"WebPage","@id":"https:\/\/ckca.fr\/dev\/adherer\/#webpage","url":"https:\/\/ckca.fr\/dev\/adherer\/","name":"Adh\u00e9rer - CKCA","isPartOf":{"@id":"https:\/\/ckca.fr\/dev\/#website"},"primaryImageOfPage":{"@id":"https:\/\/ckca.fr\/dev\/adherer\/#primaryimage"},"datePublished":"2022-05-03T21:16:28+00:00","dateModified":"2026-01-20T14:41:35+00:00","breadcrumb":{"@id":"https:\/\/ckca.fr\/dev\/adherer\/#breadcrumb"},"inLanguage":"fr-FR","potentialAction":[{"@type":"ReadAction","target":["https:\/\/ckca.fr\/dev\/adherer\/"]}]},{"@type":"BreadcrumbList","@id":"https:\/\/ckca.fr\/dev\/adherer\/#breadcrumb","itemListElement":[{"@type":"ListItem","position":1,"name":"Accueil","item":"https:\/\/ckca.fr\/dev\/"},{"@type":"ListItem","position":2,"name":"Adh\u00e9rer"}]}]}},"_links":{"self":[{"href":"https:\/\/ckca.fr\/dev\/wp-json\/wp\/v2\/pages\/4891","targetHints":{"allow":["GET"]}}],"collection":[{"href":"https:\/\/ckca.fr\/dev\/wp-json\/wp\/v2\/pages"}],"about":[{"href":"https:\/\/ckca.fr\/dev\/wp-json\/wp\/v2\/types\/page"}],"author":[{"embeddable":true,"href":"https:\/\/ckca.fr\/dev\/wp-json\/wp\/v2\/users\/1"}],"replies":[{"embeddable":true,"href":"https:\/\/ckca.fr\/dev\/wp-json\/wp\/v2\/comments?post=4891"}],"version-history":[{"count":59,"href":"https:\/\/ckca.fr\/dev\/wp-json\/wp\/v2\/pages\/4891\/revisions"}],"predecessor-version":[{"id":5896,"href":"https:\/\/ckca.fr\/dev\/wp-json\/wp\/v2\/pages\/4891\/revisions\/5896"}],"wp:attachment":[{"href":"https:\/\/ckca.fr\/dev\/wp-json\/wp\/v2\/media?parent=4891"}],"curies":[{"name":"wp","href":"https:\/\/api.w.org\/{rel}","templated":true}]}}