{"id":4806,"date":"2022-05-01T18:11:02","date_gmt":"2022-05-01T16:11:02","guid":{"rendered":"https:\/\/ckca.fr\/dev\/?page_id=4806"},"modified":"2022-05-15T23:04:41","modified_gmt":"2022-05-15T21:04:41","slug":"4806-2","status":"publish","type":"page","link":"https:\/\/ckca.fr\/dev\/4806-2\/","title":{"rendered":"Le lac de Maine"},"content":{"rendered":"[vc_row][vc_column width=\u00a0\u00bb1\/2&Prime;][vc_column_text]\n<div class=\"row cf builder\">\n<div class=\"column builder one-1\">\n<div class=\"textwidget post-content\">\n<h2 style=\"text-align: center;\">Parc de loisirs du Lac de Maine <small>un environnement prot\u00e9g\u00e9<\/small><\/h2>\n<p>Vous voulez vous d\u00e9tendre, fl\u00e2ner, naviguer, nager, observer la faune et la flore, faire du sport, vous restaurer, vous r\u00e9unir, ou dormir ? Venez d\u00e9couvrir le\u00a0<strong>Parc de loisirs du Lac de Maine<\/strong>. Organis\u00e9 autour de quatre p\u00f4les (le centre nautique, \u00c9thic \u00c9tapes, le camping 4 \u00e9toiles et la Maison de l\u2019Environnement), le parc de loisirs du Lac de Maine a tout pour vous s\u00e9duire.<\/p>\n<p>Ouvert au public depuis 1978, il a \u00e9t\u00e9 am\u00e9nag\u00e9 par la Ville d\u2019Angers sur le site d\u2019anciennes prairies inondables. Il s\u2019\u00e9tend sur 220 hectares dont 110 hectares sont occup\u00e9s par le lac lui-m\u00eame, et constitue un\u00a0<strong>site exceptionnel\u00a0<\/strong>tr\u00e8s appr\u00e9ci\u00e9 des visiteurs et des Angevins. On y acc\u00e8de ais\u00e9ment \u00e0 pied depuis le centre-ville en suivant les berges de la Maine le long du parc Balzac.<\/p>\n<\/div>\n<\/div>\n<\/div>\n[\/vc_column_text][vc_gallery images=\u00a0\u00bb4206,4203,4196,4186,4166,4179,4157,3778,4814,4438&Prime; columns=\u00a0\u00bb5&Prime;][\/vc_column][vc_column width=\u00a0\u00bb1\/2&Prime;][vc_column_text]<iframe loading=\"lazy\" src=\"https:\/\/www.google.com\/maps\/d\/embed?mid=1ccOO9xwYG_XOzfjvEhLG5xhxyeg&amp;ehbc=2E312F\" width=\"640\" height=\"480\"><\/iframe>[\/vc_column_text][\/vc_column][\/vc_row]\n","protected":false},"excerpt":{"rendered":"<p>[vc_row][vc_column width=\u00a0\u00bb1\/2&Prime;][vc_column_text] Parc de loisirs du Lac de Maine un environnement prot\u00e9g\u00e9 Vous voulez vous d\u00e9tendre, fl\u00e2ner, naviguer, nager, observer [&hellip;]<\/p>\n","protected":false},"author":1,"featured_media":0,"parent":0,"menu_order":0,"comment_status":"closed","ping_status":"closed","template":"","meta":{"footnotes":""},"class_list":["post-4806","page","type-page","status-publish","hentry"],"yoast_head":"<!-- This site is optimized with the Yoast SEO plugin v18.9 - https:\/\/yoast.com\/wordpress\/plugins\/seo\/ -->\n<title>Le lac de Maine - CKCA<\/title>\n<meta name=\"robots\" content=\"index, follow, max-snippet:-1, max-image-preview:large, max-video-preview:-1\" \/>\n<link rel=\"canonical\" href=\"https:\/\/ckca.fr\/dev\/4806-2\/\" \/>\n<meta property=\"og:locale\" content=\"fr_FR\" \/>\n<meta property=\"og:type\" content=\"article\" \/>\n<meta property=\"og:title\" content=\"Le lac de Maine - CKCA\" \/>\n<meta property=\"og:description\" content=\"[vc_row][vc_column width=\u00a0\u00bb1\/2&Prime;][vc_column_text] Parc de loisirs du Lac de Maine un environnement prot\u00e9g\u00e9 Vous voulez vous d\u00e9tendre, fl\u00e2ner, naviguer, nager, observer [&hellip;]\" \/>\n<meta property=\"og:url\" content=\"https:\/\/ckca.fr\/dev\/4806-2\/\" \/>\n<meta property=\"og:site_name\" content=\"CKCA\" \/>\n<meta property=\"article:modified_time\" content=\"2022-05-15T21:04:41+00:00\" \/>\n<meta name=\"twitter:card\" content=\"summary_large_image\" \/>\n<meta name=\"twitter:label1\" content=\"Dur\u00e9e de lecture estim\u00e9e\" \/>\n\t<meta name=\"twitter:data1\" content=\"1 minute\" \/>\n<script type=\"application\/ld+json\" class=\"yoast-schema-graph\">{\"@context\":\"https:\/\/schema.org\",\"@graph\":[{\"@type\":\"WebSite\",\"@id\":\"https:\/\/ckca.fr\/dev\/#website\",\"url\":\"https:\/\/ckca.fr\/dev\/\",\"name\":\"CKCA\",\"description\":\"Un site utilisant WordPress\",\"potentialAction\":[{\"@type\":\"SearchAction\",\"target\":{\"@type\":\"EntryPoint\",\"urlTemplate\":\"https:\/\/ckca.fr\/dev\/?s={search_term_string}\"},\"query-input\":\"required name=search_term_string\"}],\"inLanguage\":\"fr-FR\"},{\"@type\":\"WebPage\",\"@id\":\"https:\/\/ckca.fr\/dev\/4806-2\/#webpage\",\"url\":\"https:\/\/ckca.fr\/dev\/4806-2\/\",\"name\":\"Le lac de Maine - CKCA\",\"isPartOf\":{\"@id\":\"https:\/\/ckca.fr\/dev\/#website\"},\"datePublished\":\"2022-05-01T16:11:02+00:00\",\"dateModified\":\"2022-05-15T21:04:41+00:00\",\"breadcrumb\":{\"@id\":\"https:\/\/ckca.fr\/dev\/4806-2\/#breadcrumb\"},\"inLanguage\":\"fr-FR\",\"potentialAction\":[{\"@type\":\"ReadAction\",\"target\":[\"https:\/\/ckca.fr\/dev\/4806-2\/\"]}]},{\"@type\":\"BreadcrumbList\",\"@id\":\"https:\/\/ckca.fr\/dev\/4806-2\/#breadcrumb\",\"itemListElement\":[{\"@type\":\"ListItem\",\"position\":1,\"name\":\"Accueil\",\"item\":\"https:\/\/ckca.fr\/dev\/\"},{\"@type\":\"ListItem\",\"position\":2,\"name\":\"Le lac de Maine\"}]}]}<\/script>\n<!-- \/ Yoast SEO plugin. -->","yoast_head_json":{"title":"Le lac de Maine - CKCA","robots":{"index":"index","follow":"follow","max-snippet":"max-snippet:-1","max-image-preview":"max-image-preview:large","max-video-preview":"max-video-preview:-1"},"canonical":"https:\/\/ckca.fr\/dev\/4806-2\/","og_locale":"fr_FR","og_type":"article","og_title":"Le lac de Maine - CKCA","og_description":"[vc_row][vc_column width=\u00a0\u00bb1\/2&Prime;][vc_column_text] Parc de loisirs du Lac de Maine un environnement prot\u00e9g\u00e9 Vous voulez vous d\u00e9tendre, fl\u00e2ner, naviguer, nager, observer [&hellip;]","og_url":"https:\/\/ckca.fr\/dev\/4806-2\/","og_site_name":"CKCA","article_modified_time":"2022-05-15T21:04:41+00:00","twitter_card":"summary_large_image","twitter_misc":{"Dur\u00e9e de lecture estim\u00e9e":"1 minute"},"schema":{"@context":"https:\/\/schema.org","@graph":[{"@type":"WebSite","@id":"https:\/\/ckca.fr\/dev\/#website","url":"https:\/\/ckca.fr\/dev\/","name":"CKCA","description":"Un site utilisant WordPress","potentialAction":[{"@type":"SearchAction","target":{"@type":"EntryPoint","urlTemplate":"https:\/\/ckca.fr\/dev\/?s={search_term_string}"},"query-input":"required name=search_term_string"}],"inLanguage":"fr-FR"},{"@type":"WebPage","@id":"https:\/\/ckca.fr\/dev\/4806-2\/#webpage","url":"https:\/\/ckca.fr\/dev\/4806-2\/","name":"Le lac de Maine - CKCA","isPartOf":{"@id":"https:\/\/ckca.fr\/dev\/#website"},"datePublished":"2022-05-01T16:11:02+00:00","dateModified":"2022-05-15T21:04:41+00:00","breadcrumb":{"@id":"https:\/\/ckca.fr\/dev\/4806-2\/#breadcrumb"},"inLanguage":"fr-FR","potentialAction":[{"@type":"ReadAction","target":["https:\/\/ckca.fr\/dev\/4806-2\/"]}]},{"@type":"BreadcrumbList","@id":"https:\/\/ckca.fr\/dev\/4806-2\/#breadcrumb","itemListElement":[{"@type":"ListItem","position":1,"name":"Accueil","item":"https:\/\/ckca.fr\/dev\/"},{"@type":"ListItem","position":2,"name":"Le lac de Maine"}]}]}},"_links":{"self":[{"href":"https:\/\/ckca.fr\/dev\/wp-json\/wp\/v2\/pages\/4806","targetHints":{"allow":["GET"]}}],"collection":[{"href":"https:\/\/ckca.fr\/dev\/wp-json\/wp\/v2\/pages"}],"about":[{"href":"https:\/\/ckca.fr\/dev\/wp-json\/wp\/v2\/types\/page"}],"author":[{"embeddable":true,"href":"https:\/\/ckca.fr\/dev\/wp-json\/wp\/v2\/users\/1"}],"replies":[{"embeddable":true,"href":"https:\/\/ckca.fr\/dev\/wp-json\/wp\/v2\/comments?post=4806"}],"version-history":[{"count":10,"href":"https:\/\/ckca.fr\/dev\/wp-json\/wp\/v2\/pages\/4806\/revisions"}],"predecessor-version":[{"id":5007,"href":"https:\/\/ckca.fr\/dev\/wp-json\/wp\/v2\/pages\/4806\/revisions\/5007"}],"wp:attachment":[{"href":"https:\/\/ckca.fr\/dev\/wp-json\/wp\/v2\/media?parent=4806"}],"curies":[{"name":"wp","href":"https:\/\/api.w.org\/{rel}","templated":true}]}}