{"id":4387,"date":"2022-04-20T22:48:49","date_gmt":"2022-04-20T20:48:49","guid":{"rendered":"https:\/\/ckca.fr\/dev\/?page_id=4387"},"modified":"2025-04-29T10:36:05","modified_gmt":"2025-04-29T08:36:05","slug":"stage-sup-energie-12-17-ans","status":"publish","type":"page","link":"https:\/\/ckca.fr\/dev\/stage-sup-energie-12-17-ans\/","title":{"rendered":"Stage SUP Energie 12 \/ 17 ans"},"content":{"rendered":"[vc_row][vc_column width=\u00a0\u00bb2\/3&Prime;][vc_column_text]\n<h2>Stage Stand Up Paddle<\/h2>\n<h2>Deviens un expert de la glisse en t\u2019amusant sur une planche de\u00a0Stand Up Paddle en toute s\u00e9curit\u00e9.<\/h2>\n<p><img loading=\"lazy\" decoding=\"async\" class=\"alignleft size-medium wp-image-4514\" src=\"https:\/\/ckca.fr\/dev\/wp-content\/uploads\/2022\/04\/IMG_20190410_103111-2-300x225.jpg\" alt=\"\" width=\"300\" height=\"225\" srcset=\"https:\/\/ckca.fr\/dev\/wp-content\/uploads\/2022\/04\/IMG_20190410_103111-2-300x225.jpg 300w, https:\/\/ckca.fr\/dev\/wp-content\/uploads\/2022\/04\/IMG_20190410_103111-2-1024x768.jpg 1024w, https:\/\/ckca.fr\/dev\/wp-content\/uploads\/2022\/04\/IMG_20190410_103111-2-768x576.jpg 768w, https:\/\/ckca.fr\/dev\/wp-content\/uploads\/2022\/04\/IMG_20190410_103111-2.jpg 1040w\" sizes=\"auto, (max-width: 300px) 100vw, 300px\" \/>Nouveau sport \u00e0 la mode, le SUP permet une navigation debout sur un support tr\u00e8s ludique et permettant beaucoup de libert\u00e9. Propuls\u00e9 par une grande pagaie simple, le SUP te permettra de passer une semaine fun entre le surf et le cano\u00eb.[\/vc_column_text][vc_message]\n<h2>Bon \u00e0 savoir<\/h2>\n<div class=\"wysiwyg content\">\n<p>Nouveaut\u00e9 : Avec le PASS NAVIG&rsquo;EAU profite d&rsquo;un maximum de stage durant l&rsquo;\u00e9t\u00e9.<\/p>\n<p>En achetant ce passe pour 200\u20ac, tu b\u00e9n\u00e9ficiras d&rsquo;un code promo, pour r\u00e9server autant de stage que tu voudras cet \u00e9t\u00e9&#8230;(valable sur la m\u00eame personne uniquement)<\/p>\n<p>Avec ce Pass, tu pourras \u00e9galement prolonger ton \u00e9t\u00e9 avec un acc\u00e8s aux cr\u00e9neaux du\u00a0 club durant tout le mois de septembre 2025.<\/p>\n<\/div>\n<div class=\"wysiwyg content\">\n<p>&nbsp;<\/p>\n<\/div>\n[\/vc_message][\/vc_column][vc_column width=\u00a0\u00bb1\/3&Prime;][vc_column_text]<iframe style=\"background: none; width: 100%; height: 600px;\" title=\"Stage SUP Energie 12 \/ 17 ans | Module de R\u00e9servation 1\" src=\"https:\/\/ckca.guidap.co\/export\/IO4nrRQYFoG5w3H0NSMlXfgqauDsbv7CV2KZ?lang=fr\" frameborder=\"0\" marginwidth=\"0\" marginheight=\"0\" scrolling=\"no\">\u00a0<\/iframe>[\/vc_column_text][\/vc_column][\/vc_row][vc_row][vc_column][vc_gallery images=\u00a0\u00bb4514,4516,4511,4512,4518,4510&Prime; img_size=\u00a0\u00bbMedium\u00a0\u00bb columns=\u00a0\u00bb5&Prime;][\/vc_column][\/vc_row][vc_row][vc_column][vc_column_text]\n<p style=\"margin: 0px 0px 1.857em; padding: 0px; border: 0px; vertical-align: baseline; font-family: 'Open Sans', Arial, sans-serif; color: #606569; background-color: #ffffff;\"><strong style=\"margin: 0px; padding: 0px; border: 0px; vertical-align: baseline; font-family: inherit;\">Stage &gt; 12\/17 ans \u2013 SUP Energie \u2013 Stand Up Paddle, SUP Polo<\/strong><\/p>\n<ul style=\"margin: 0px 0px 1.857em 42px; padding: 0px; border: 0px; vertical-align: baseline; font-family: 'Open Sans', Arial, sans-serif; list-style: square; color: #606569; background-color: #ffffff;\">\n<li style=\"margin: 0px; padding: 0px; border: 0px; vertical-align: baseline; font-family: inherit;\"><strong style=\"margin: 0px; padding: 0px; border: 0px; vertical-align: baseline; font-family: inherit;\">AGE\u00a0<\/strong>: selon le type de stage, les tranches d\u2019\u00e2ges peuvent diff\u00e9rer, l\u2019\u00e2ge pris en compte est celui obtenu\u00a0dans l\u2019ann\u00e9e. Possibilit\u00e9 de d\u00e9passer l\u2019\u00e2ge maximum si le stagiaire accepte d\u2019\u00eatre avec des plus jeunes.<\/li>\n<li style=\"margin: 0px; padding: 0px; border: 0px; vertical-align: baseline; font-family: inherit;\"><strong style=\"margin: 0px; padding: 0px; border: 0px; vertical-align: baseline; font-family: inherit;\">APTITUDES\u00a0<\/strong>: ne pr\u00e9senter aucune contre indication \u00e0 la pratique du cano\u00eb kayak, \u00eatre capable de savoir nager 25 m\u00e8tres et de s\u2019immerger. Fournir une attestation de natation, en l\u2019absence, un test sera effectu\u00e9 en d\u00e9but de stage. En cas d\u2019\u00e9chec \u00e0 ce test, nous nous r\u00e9servons le droit de suspendre le stage de l\u2019enfant.<\/li>\n<li style=\"margin: 0px; padding: 0px; border: 0px; vertical-align: baseline; font-family: inherit;\"><strong style=\"margin: 0px; padding: 0px; border: 0px; vertical-align: baseline; font-family: inherit;\">MATIN\u00c9ES ET\/OU APR\u00c8S-MIDIS\u00a0<\/strong>: 3 formules sont propos\u00e9es, les matin\u00e9es, les apr\u00e8s-midis ou les matin\u00e9es + les apr\u00e8s-midis. Chaque formule est adapt\u00e9 aux enfants \u00e0 partir de 8 ans.<\/li>\n<li style=\"margin: 0px; padding: 0px; border: 0px; vertical-align: baseline; font-family: inherit;\"><strong style=\"margin: 0px; padding: 0px; border: 0px; vertical-align: baseline; font-family: inherit;\">TEMPS D\u2019ACTIVITES DU MIDI\u00a0<\/strong>: un premier temps commun est consacr\u00e9 au pique-nique (\u00e0 pr\u00e9voir par les stagiaires), suivi d\u2019un temps d\u2019activit\u00e9 choisi en fonction du souhait et des motivations du groupe (repos, jeux de soci\u00e9t\u00e9, de plein-air, baignade surveill\u00e9e\u2026). Les tarifs sont consultables sur notre site internet. Nous conseillons de choisir cette option au moment de la r\u00e9servation de votre stage.<\/li>\n<li style=\"margin: 0px; padding: 0px; border: 0px; vertical-align: baseline; font-family: inherit;\"><strong style=\"margin: 0px; padding: 0px; border: 0px; vertical-align: baseline; font-family: inherit;\">PRIORITE AUX JEUX\u00a0:<\/strong>\u00a0l\u2019enseignement et l\u2019apprentissage du kayak se font sous forme ludique ce stage ne comporte pas d\u2019entra\u00eenement physique et peut-\u00eatre facilement support\u00e9 par un enfant de 8 ans.<\/li>\n<li style=\"margin: 0px; padding: 0px; border: 0px; vertical-align: baseline; font-family: inherit;\"><strong style=\"margin: 0px; padding: 0px; border: 0px; vertical-align: baseline; font-family: inherit;\">GROUPES\u00a0:<\/strong>\u00a0les groupes sont constitu\u00e9s de 12 enfants maximum par moniteur. En fonction des effectifs, une r\u00e9partitions des jeunes par tranche d\u2019\u00e2ge, affinit\u00e9\u2026 pourra \u00eatre propos\u00e9e.<\/li>\n<li style=\"margin: 0px; padding: 0px; border: 0px; vertical-align: baseline; font-family: inherit;\"><strong style=\"margin: 0px; padding: 0px; border: 0px; vertical-align: baseline; font-family: inherit;\">SECURITE\u00a0<\/strong>: tous nos cadres sont dipl\u00f4m\u00e9s, les enfants sont \u00e9quip\u00e9s de mat\u00e9riels aux normes (gilet d\u2019aide \u00e0 la flottabilit\u00e9, embarcations\u2026).<\/li>\n<li style=\"margin: 0px; padding: 0px; border: 0px; vertical-align: baseline; font-family: inherit;\"><strong style=\"margin: 0px; padding: 0px; border: 0px; vertical-align: baseline; font-family: inherit;\">HORAIRE D\u2019ARRIVEE<\/strong>\u00a0: entre 8h45 et 9h00 et entre 13h45 et 14h00. D\u00e9but de l\u2019activit\u00e9 sur l\u2019eau entre 9h15 et 9h30. L\u2019attention des parents est appel\u00e9e sur la n\u00e9cessit\u00e9 de s\u2019assurer de la pr\u00e9sence d\u2019un cadre et de la prise en charge effective des enfants mineurs par ce cadre qui proc\u00e9dera au pointage.<\/li>\n<li style=\"margin: 0px; padding: 0px; border: 0px; vertical-align: baseline; font-family: inherit;\"><strong style=\"margin: 0px; padding: 0px; border: 0px; vertical-align: baseline; font-family: inherit;\">HORAIRE DE DEPART :<\/strong>\u00a012h ou 17h selon la formule retenue. Une tol\u00e9rance est accept\u00e9 jusqu\u2019\u00e0 17h30 l\u2019enfant doit rester dans le hall du PAVOA.<\/li>\n<li style=\"margin: 0px; padding: 0px; border: 0px; vertical-align: baseline; font-family: inherit;\"><strong style=\"margin: 0px; padding: 0px; border: 0px; vertical-align: baseline; font-family: inherit;\">PAGAIES COULEURS :<\/strong>\u00a0\u00e0 la fin du stage un petit test est propos\u00e9 aux stagiaires, c\u2019est la reconnaissance d\u2019un niveau de pratique du cano\u00eb kayak officiellement reconnue par la f\u00e9d\u00e9ration.<\/li>\n<li style=\"margin: 0px; padding: 0px; border: 0px; vertical-align: baseline; font-family: inherit;\"><strong style=\"margin: 0px; padding: 0px; border: 0px; vertical-align: baseline; font-family: inherit;\">TENUE VESTIMENTAIRE\u00a0<\/strong>:\u00a0chaussures d\u2019eau ferm\u00e9es obligatoires,\u00a0maillot de bain, short, tea-shirt couvrant les \u00e9paules, coupe vent m\u00eame si les conditions m\u00e9t\u00e9os sont bonnes, casquette, lunettes et cr\u00e8me de solaire. Pr\u00e9voir une tenue s\u00e8che pour repartir le midi et le soir. Pour les stages journ\u00e9es, pr\u00e9voir le linge de corps en double\u00a0pour l\u2019apr\u00e8s-midi.<\/li>\n<li style=\"margin: 0px; padding: 0px; border: 0px; vertical-align: baseline; font-family: inherit;\"><strong style=\"margin: 0px; padding: 0px; border: 0px; vertical-align: baseline; font-family: inherit;\">INSCRIPTIONS\u00a0<\/strong>: elles se font en ligne exclusivement.<\/li>\n<li style=\"margin: 0px; padding: 0px; border: 0px; vertical-align: baseline; font-family: inherit;\"><strong style=\"margin: 0px; padding: 0px; border: 0px; vertical-align: baseline; font-family: inherit;\">OFFRES PROMOTIONNELLES<\/strong>\u00a0:\u00a0des r\u00e9ductions peuvent vous \u00eatre propos\u00e9es en fonction de votre date d\u2019achat, du nombre de stage, de votre quotient CAF, au cours de l\u2019\u00e9t\u00e9 (informations mises \u00e0 jour r\u00e9guli\u00e8rement sur le site).<\/li>\n<li style=\"margin: 0px; padding: 0px; border: 0px; vertical-align: baseline; font-family: inherit;\"><strong style=\"margin: 0px; padding: 0px; border: 0px; vertical-align: baseline; font-family: inherit;\">RESERVATION\u00a0<\/strong>: la r\u00e9servation est prise en compte \u00e0 r\u00e9ception du dossier complet.<\/li>\n<li style=\"margin: 0px; padding: 0px; border: 0px; vertical-align: baseline; font-family: inherit;\"><strong style=\"margin: 0px; padding: 0px; border: 0px; vertical-align: baseline; font-family: inherit;\">ANNULATION\u00a0<\/strong>: en cas d\u2019incapacit\u00e9 physique, sur pr\u00e9sentation d\u2019un certificat m\u00e9dical nous vous proposerons dans la mesure du possible de reporter le stage sur une autre semaine. En cas d\u2019impossibilit\u00e9, nous vous remboursons le stage d\u00e9duction faite de 30\u20ac de frais de dossier.<\/li>\n<li style=\"margin: 0px; padding: 0px; border: 0px; vertical-align: baseline; font-family: inherit;\"><strong style=\"margin: 0px; padding: 0px; border: 0px; vertical-align: baseline; font-family: inherit;\">CANOE OU KAYAK :<\/strong>\u00a0le stage est majoritairement effectu\u00e9 sur des kayaks de tous types nous faisons \u00e9galement une initiation \u00e0 la pagaie simple (cano\u00eb, Stand Up Paddle).<\/li>\n<li style=\"margin: 0px; padding: 0px; border: 0px; vertical-align: baseline; font-family: inherit;\"><strong style=\"margin: 0px; padding: 0px; border: 0px; vertical-align: baseline; font-family: inherit;\">INTEMPERIES\u00a0<\/strong>: par tous les temps nous accueillons les enfants et nous adaptons les s\u00e9ances aux conditions m\u00e9t\u00e9os si elles sont trop mauvaises nous proposons alors des activit\u00e9s terrestres, \u00e9ventuellement \u00e0 l\u2019abri.<\/li>\n<li style=\"margin: 0px; padding: 0px; border: 0px; vertical-align: baseline; font-family: inherit;\"><strong style=\"margin: 0px; padding: 0px; border: 0px; vertical-align: baseline; font-family: inherit;\">ALBUM PHOTO<\/strong>\u00a0: des photos ou films peuvent \u00eatre r\u00e9alis\u00e9s durant les stages, \u00e0 l\u2019issue, nous pourrions vous partager un album photo num\u00e9rique si lors de l\u2019inscription vous avez autoris\u00e9 le\u00a0CKCA.<\/li>\n<\/ul>\n[\/vc_column_text][\/vc_column][\/vc_row]\n","protected":false},"excerpt":{"rendered":"<p>[vc_row][vc_column width=\u00a0\u00bb2\/3&Prime;][vc_column_text] Stage Stand Up Paddle Deviens un expert de la glisse en t\u2019amusant sur une planche de\u00a0Stand Up Paddle [&hellip;]<\/p>\n","protected":false},"author":1,"featured_media":0,"parent":0,"menu_order":0,"comment_status":"closed","ping_status":"closed","template":"","meta":{"footnotes":""},"class_list":["post-4387","page","type-page","status-publish","hentry"],"yoast_head":"<!-- This site is optimized with the Yoast SEO plugin v18.9 - https:\/\/yoast.com\/wordpress\/plugins\/seo\/ -->\n<title>Stage SUP Energie 12 \/ 17 ans - CKCA<\/title>\n<meta name=\"robots\" content=\"index, follow, max-snippet:-1, max-image-preview:large, max-video-preview:-1\" \/>\n<link rel=\"canonical\" href=\"https:\/\/ckca.fr\/dev\/stage-sup-energie-12-17-ans\/\" \/>\n<meta property=\"og:locale\" content=\"fr_FR\" \/>\n<meta property=\"og:type\" content=\"article\" \/>\n<meta property=\"og:title\" content=\"Stage SUP Energie 12 \/ 17 ans - CKCA\" \/>\n<meta property=\"og:description\" content=\"[vc_row][vc_column width=\u00a0\u00bb2\/3&Prime;][vc_column_text] Stage Stand Up Paddle Deviens un expert de la glisse en t\u2019amusant sur une planche de\u00a0Stand Up Paddle [&hellip;]\" \/>\n<meta property=\"og:url\" content=\"https:\/\/ckca.fr\/dev\/stage-sup-energie-12-17-ans\/\" \/>\n<meta property=\"og:site_name\" content=\"CKCA\" \/>\n<meta property=\"article:modified_time\" content=\"2025-04-29T08:36:05+00:00\" \/>\n<meta property=\"og:image\" content=\"https:\/\/ckca.fr\/dev\/wp-content\/uploads\/2022\/04\/IMG_20190410_103111-2-300x225.jpg\" \/>\n<meta name=\"twitter:card\" content=\"summary_large_image\" \/>\n<meta name=\"twitter:label1\" content=\"Dur\u00e9e de lecture estim\u00e9e\" \/>\n\t<meta name=\"twitter:data1\" content=\"4 minutes\" \/>\n<script type=\"application\/ld+json\" class=\"yoast-schema-graph\">{\"@context\":\"https:\/\/schema.org\",\"@graph\":[{\"@type\":\"WebSite\",\"@id\":\"https:\/\/ckca.fr\/dev\/#website\",\"url\":\"https:\/\/ckca.fr\/dev\/\",\"name\":\"CKCA\",\"description\":\"Un site utilisant WordPress\",\"potentialAction\":[{\"@type\":\"SearchAction\",\"target\":{\"@type\":\"EntryPoint\",\"urlTemplate\":\"https:\/\/ckca.fr\/dev\/?s={search_term_string}\"},\"query-input\":\"required name=search_term_string\"}],\"inLanguage\":\"fr-FR\"},{\"@type\":\"ImageObject\",\"inLanguage\":\"fr-FR\",\"@id\":\"https:\/\/ckca.fr\/dev\/stage-sup-energie-12-17-ans\/#primaryimage\",\"url\":\"https:\/\/ckca.fr\/dev\/wp-content\/uploads\/2022\/04\/IMG_20190410_103111-2.jpg\",\"contentUrl\":\"https:\/\/ckca.fr\/dev\/wp-content\/uploads\/2022\/04\/IMG_20190410_103111-2.jpg\",\"width\":1040,\"height\":780},{\"@type\":\"WebPage\",\"@id\":\"https:\/\/ckca.fr\/dev\/stage-sup-energie-12-17-ans\/#webpage\",\"url\":\"https:\/\/ckca.fr\/dev\/stage-sup-energie-12-17-ans\/\",\"name\":\"Stage SUP Energie 12 \/ 17 ans - CKCA\",\"isPartOf\":{\"@id\":\"https:\/\/ckca.fr\/dev\/#website\"},\"primaryImageOfPage\":{\"@id\":\"https:\/\/ckca.fr\/dev\/stage-sup-energie-12-17-ans\/#primaryimage\"},\"datePublished\":\"2022-04-20T20:48:49+00:00\",\"dateModified\":\"2025-04-29T08:36:05+00:00\",\"breadcrumb\":{\"@id\":\"https:\/\/ckca.fr\/dev\/stage-sup-energie-12-17-ans\/#breadcrumb\"},\"inLanguage\":\"fr-FR\",\"potentialAction\":[{\"@type\":\"ReadAction\",\"target\":[\"https:\/\/ckca.fr\/dev\/stage-sup-energie-12-17-ans\/\"]}]},{\"@type\":\"BreadcrumbList\",\"@id\":\"https:\/\/ckca.fr\/dev\/stage-sup-energie-12-17-ans\/#breadcrumb\",\"itemListElement\":[{\"@type\":\"ListItem\",\"position\":1,\"name\":\"Accueil\",\"item\":\"https:\/\/ckca.fr\/dev\/\"},{\"@type\":\"ListItem\",\"position\":2,\"name\":\"Stage SUP Energie 12 \/ 17 ans\"}]}]}<\/script>\n<!-- \/ Yoast SEO plugin. -->","yoast_head_json":{"title":"Stage SUP Energie 12 \/ 17 ans - CKCA","robots":{"index":"index","follow":"follow","max-snippet":"max-snippet:-1","max-image-preview":"max-image-preview:large","max-video-preview":"max-video-preview:-1"},"canonical":"https:\/\/ckca.fr\/dev\/stage-sup-energie-12-17-ans\/","og_locale":"fr_FR","og_type":"article","og_title":"Stage SUP Energie 12 \/ 17 ans - CKCA","og_description":"[vc_row][vc_column width=\u00a0\u00bb2\/3&Prime;][vc_column_text] Stage Stand Up Paddle Deviens un expert de la glisse en t\u2019amusant sur une planche de\u00a0Stand Up Paddle [&hellip;]","og_url":"https:\/\/ckca.fr\/dev\/stage-sup-energie-12-17-ans\/","og_site_name":"CKCA","article_modified_time":"2025-04-29T08:36:05+00:00","og_image":[{"url":"https:\/\/ckca.fr\/dev\/wp-content\/uploads\/2022\/04\/IMG_20190410_103111-2-300x225.jpg"}],"twitter_card":"summary_large_image","twitter_misc":{"Dur\u00e9e de lecture estim\u00e9e":"4 minutes"},"schema":{"@context":"https:\/\/schema.org","@graph":[{"@type":"WebSite","@id":"https:\/\/ckca.fr\/dev\/#website","url":"https:\/\/ckca.fr\/dev\/","name":"CKCA","description":"Un site utilisant WordPress","potentialAction":[{"@type":"SearchAction","target":{"@type":"EntryPoint","urlTemplate":"https:\/\/ckca.fr\/dev\/?s={search_term_string}"},"query-input":"required name=search_term_string"}],"inLanguage":"fr-FR"},{"@type":"ImageObject","inLanguage":"fr-FR","@id":"https:\/\/ckca.fr\/dev\/stage-sup-energie-12-17-ans\/#primaryimage","url":"https:\/\/ckca.fr\/dev\/wp-content\/uploads\/2022\/04\/IMG_20190410_103111-2.jpg","contentUrl":"https:\/\/ckca.fr\/dev\/wp-content\/uploads\/2022\/04\/IMG_20190410_103111-2.jpg","width":1040,"height":780},{"@type":"WebPage","@id":"https:\/\/ckca.fr\/dev\/stage-sup-energie-12-17-ans\/#webpage","url":"https:\/\/ckca.fr\/dev\/stage-sup-energie-12-17-ans\/","name":"Stage SUP Energie 12 \/ 17 ans - CKCA","isPartOf":{"@id":"https:\/\/ckca.fr\/dev\/#website"},"primaryImageOfPage":{"@id":"https:\/\/ckca.fr\/dev\/stage-sup-energie-12-17-ans\/#primaryimage"},"datePublished":"2022-04-20T20:48:49+00:00","dateModified":"2025-04-29T08:36:05+00:00","breadcrumb":{"@id":"https:\/\/ckca.fr\/dev\/stage-sup-energie-12-17-ans\/#breadcrumb"},"inLanguage":"fr-FR","potentialAction":[{"@type":"ReadAction","target":["https:\/\/ckca.fr\/dev\/stage-sup-energie-12-17-ans\/"]}]},{"@type":"BreadcrumbList","@id":"https:\/\/ckca.fr\/dev\/stage-sup-energie-12-17-ans\/#breadcrumb","itemListElement":[{"@type":"ListItem","position":1,"name":"Accueil","item":"https:\/\/ckca.fr\/dev\/"},{"@type":"ListItem","position":2,"name":"Stage SUP Energie 12 \/ 17 ans"}]}]}},"_links":{"self":[{"href":"https:\/\/ckca.fr\/dev\/wp-json\/wp\/v2\/pages\/4387","targetHints":{"allow":["GET"]}}],"collection":[{"href":"https:\/\/ckca.fr\/dev\/wp-json\/wp\/v2\/pages"}],"about":[{"href":"https:\/\/ckca.fr\/dev\/wp-json\/wp\/v2\/types\/page"}],"author":[{"embeddable":true,"href":"https:\/\/ckca.fr\/dev\/wp-json\/wp\/v2\/users\/1"}],"replies":[{"embeddable":true,"href":"https:\/\/ckca.fr\/dev\/wp-json\/wp\/v2\/comments?post=4387"}],"version-history":[{"count":11,"href":"https:\/\/ckca.fr\/dev\/wp-json\/wp\/v2\/pages\/4387\/revisions"}],"predecessor-version":[{"id":5786,"href":"https:\/\/ckca.fr\/dev\/wp-json\/wp\/v2\/pages\/4387\/revisions\/5786"}],"wp:attachment":[{"href":"https:\/\/ckca.fr\/dev\/wp-json\/wp\/v2\/media?parent=4387"}],"curies":[{"name":"wp","href":"https:\/\/api.w.org\/{rel}","templated":true}]}}