{"id":4379,"date":"2022-04-20T22:35:10","date_gmt":"2022-04-20T20:35:10","guid":{"rendered":"https:\/\/ckca.fr\/dev\/?page_id=4379"},"modified":"2023-08-15T12:29:56","modified_gmt":"2023-08-15T10:29:56","slug":"pedalo-2","status":"publish","type":"page","link":"https:\/\/ckca.fr\/dev\/pedalo-2\/","title":{"rendered":"P\u00e9dalo"},"content":{"rendered":"[vc_row][vc_column width=\u00a0\u00bb2\/3&Prime;][vc_column_text]P\u00e9dalo Balado&rsquo;r pouvant accueillir de 2 \u00e0 4 personnes, id\u00e9al pour d\u00e9couvrir le lac de Maine en famille et en toute s\u00e9curit\u00e9.<strong> Attention nous acceptons les enfants \u00e0 partir de 5 ans!!!<\/strong><\/p>\n<p><strong>Informations Importantes<\/strong>: Nous vous conseillons d\u2019arriver 15 minutes avant votre d\u00e9part et nous vous rappelons qu\u2019il est obligatoire de porter un v\u00eatement sous le gilet de sauvetage lors de la navigation<\/p>\n<p><strong>ATTENTION: <\/strong>le weekend en raison d&rsquo;une forte affluence, nous sommes contraints d&rsquo;accepter en priorit\u00e9 les r\u00e9servations faites sur notre site internet.[\/vc_column_text][vc_gallery images=\u00a0\u00bb4786,4785,4784,4782,4783,4781&Prime; columns=\u00a0\u00bb5&Prime;][\/vc_column][vc_column width=\u00a0\u00bb1\/3&Prime;][vc_column_text]<iframe style=\"background: none; width: 100%; height: 600px;\" title=\"P\u00e9dalo | Module de R\u00e9servation 1\" src=\"https:\/\/ckca.guidap.co\/export\/b8DpGNBhI9v4Wotk0FXQyKEizqMcf3rOlaVZ?lang=fr\" frameborder=\"0\" marginwidth=\"0\" marginheight=\"0\" scrolling=\"no\">\u00a0<\/iframe>[\/vc_column_text][\/vc_column][\/vc_row][vc_row][vc_column][vc_column_text]\n<div style=\"text-align: justify;\"><strong>Annulation ou modification du fait du client<\/strong><\/div>\n<div style=\"text-align: justify;\">Il est rappel\u00e9 au client, conform\u00e9ment \u00e0 l\u2019article L. 121-21-8 12\u00b0 du Code de la consommation, qu\u2019il ne dispose pas du droit de r\u00e9tractation pr\u00e9vu \u00e0 l\u2019article L. 121-21 du Code de la consommation.<\/div>\n<div style=\"text-align: justify;\">Les conditions de vente du tarif r\u00e9serv\u00e9 pr\u00e9cisent les modalit\u00e9s d\u2019annulation et\/ou de modification de la r\u00e9servation:<\/div>\n<div style=\"text-align: justify;\"><\/div>\n<div style=\"text-align: justify;\">&#8211; \u00e0 48h de l&rsquo;arriv\u00e9e: 50% du montant total de la r\u00e9servation encaiss\u00e9<\/div>\n<div style=\"text-align: justify;\">&#8211; \u00e0 7 jours avant l&rsquo;arriv\u00e9e: 25% du montant total de la r\u00e9servation encaiss\u00e9<\/div>\n<div style=\"text-align: justify;\">&#8211; non pr\u00e9sentation le jour de la prestation: 100% du montant total de la r\u00e9servation encaiss\u00e9<\/div>\n<div style=\"text-align: justify;\"><\/div>\n<div style=\"text-align: justify;\">L\u2019annulation de la r\u00e9servation peut s\u2019effectuer directement aupr\u00e8s de Association CANOE CAYAK CLUB D ANGERS, dont les coordonn\u00e9es t\u00e9l\u00e9phoniques sont pr\u00e9cis\u00e9es sur la confirmation de la r\u00e9servation envoy\u00e9e par courrier \u00e9lectronique. Toute r\u00e9servation est nominative et ne peut en aucun cas \u00eatre c\u00e9d\u00e9e \u00e0 un tiers, que ce soit \u00e0 titre gratuit ou on\u00e9reux.<\/div>\n<div style=\"text-align: justify;\"><\/div>\n<div style=\"text-align: justify;\">Les cartes cadeaux arrivant \u00e0 expiration peuvent \u00eatre renouvel\u00e9es une ann\u00e9e suppl\u00e9mentaire moyennant un versement de 30\u20ac.<\/div>\n[\/vc_column_text][\/vc_column][\/vc_row]\n","protected":false},"excerpt":{"rendered":"<p>[vc_row][vc_column width=\u00a0\u00bb2\/3&Prime;][vc_column_text]P\u00e9dalo Balado&rsquo;r pouvant accueillir de 2 \u00e0 4 personnes, id\u00e9al pour d\u00e9couvrir le lac de Maine en famille et [&hellip;]<\/p>\n","protected":false},"author":1,"featured_media":0,"parent":0,"menu_order":0,"comment_status":"closed","ping_status":"closed","template":"","meta":{"footnotes":""},"class_list":["post-4379","page","type-page","status-publish","hentry"],"yoast_head":"<!-- This site is optimized with the Yoast SEO plugin v18.9 - https:\/\/yoast.com\/wordpress\/plugins\/seo\/ -->\n<title>P\u00e9dalo - CKCA<\/title>\n<meta name=\"robots\" content=\"index, follow, max-snippet:-1, max-image-preview:large, max-video-preview:-1\" \/>\n<link rel=\"canonical\" href=\"https:\/\/ckca.fr\/dev\/pedalo-2\/\" \/>\n<meta property=\"og:locale\" content=\"fr_FR\" \/>\n<meta property=\"og:type\" content=\"article\" \/>\n<meta property=\"og:title\" content=\"P\u00e9dalo - CKCA\" \/>\n<meta property=\"og:description\" content=\"[vc_row][vc_column width=\u00a0\u00bb2\/3&Prime;][vc_column_text]P\u00e9dalo Balado&rsquo;r pouvant accueillir de 2 \u00e0 4 personnes, id\u00e9al pour d\u00e9couvrir le lac de Maine en famille et [&hellip;]\" \/>\n<meta property=\"og:url\" content=\"https:\/\/ckca.fr\/dev\/pedalo-2\/\" \/>\n<meta property=\"og:site_name\" content=\"CKCA\" \/>\n<meta property=\"article:modified_time\" content=\"2023-08-15T10:29:56+00:00\" \/>\n<meta name=\"twitter:card\" content=\"summary_large_image\" \/>\n<meta name=\"twitter:label1\" content=\"Dur\u00e9e de lecture estim\u00e9e\" \/>\n\t<meta name=\"twitter:data1\" content=\"2 minutes\" \/>\n<script type=\"application\/ld+json\" class=\"yoast-schema-graph\">{\"@context\":\"https:\/\/schema.org\",\"@graph\":[{\"@type\":\"WebSite\",\"@id\":\"https:\/\/ckca.fr\/dev\/#website\",\"url\":\"https:\/\/ckca.fr\/dev\/\",\"name\":\"CKCA\",\"description\":\"Un site utilisant WordPress\",\"potentialAction\":[{\"@type\":\"SearchAction\",\"target\":{\"@type\":\"EntryPoint\",\"urlTemplate\":\"https:\/\/ckca.fr\/dev\/?s={search_term_string}\"},\"query-input\":\"required name=search_term_string\"}],\"inLanguage\":\"fr-FR\"},{\"@type\":\"WebPage\",\"@id\":\"https:\/\/ckca.fr\/dev\/pedalo-2\/#webpage\",\"url\":\"https:\/\/ckca.fr\/dev\/pedalo-2\/\",\"name\":\"P\u00e9dalo - CKCA\",\"isPartOf\":{\"@id\":\"https:\/\/ckca.fr\/dev\/#website\"},\"datePublished\":\"2022-04-20T20:35:10+00:00\",\"dateModified\":\"2023-08-15T10:29:56+00:00\",\"breadcrumb\":{\"@id\":\"https:\/\/ckca.fr\/dev\/pedalo-2\/#breadcrumb\"},\"inLanguage\":\"fr-FR\",\"potentialAction\":[{\"@type\":\"ReadAction\",\"target\":[\"https:\/\/ckca.fr\/dev\/pedalo-2\/\"]}]},{\"@type\":\"BreadcrumbList\",\"@id\":\"https:\/\/ckca.fr\/dev\/pedalo-2\/#breadcrumb\",\"itemListElement\":[{\"@type\":\"ListItem\",\"position\":1,\"name\":\"Accueil\",\"item\":\"https:\/\/ckca.fr\/dev\/\"},{\"@type\":\"ListItem\",\"position\":2,\"name\":\"P\u00e9dalo\"}]}]}<\/script>\n<!-- \/ Yoast SEO plugin. -->","yoast_head_json":{"title":"P\u00e9dalo - CKCA","robots":{"index":"index","follow":"follow","max-snippet":"max-snippet:-1","max-image-preview":"max-image-preview:large","max-video-preview":"max-video-preview:-1"},"canonical":"https:\/\/ckca.fr\/dev\/pedalo-2\/","og_locale":"fr_FR","og_type":"article","og_title":"P\u00e9dalo - CKCA","og_description":"[vc_row][vc_column width=\u00a0\u00bb2\/3&Prime;][vc_column_text]P\u00e9dalo Balado&rsquo;r pouvant accueillir de 2 \u00e0 4 personnes, id\u00e9al pour d\u00e9couvrir le lac de Maine en famille et [&hellip;]","og_url":"https:\/\/ckca.fr\/dev\/pedalo-2\/","og_site_name":"CKCA","article_modified_time":"2023-08-15T10:29:56+00:00","twitter_card":"summary_large_image","twitter_misc":{"Dur\u00e9e de lecture estim\u00e9e":"2 minutes"},"schema":{"@context":"https:\/\/schema.org","@graph":[{"@type":"WebSite","@id":"https:\/\/ckca.fr\/dev\/#website","url":"https:\/\/ckca.fr\/dev\/","name":"CKCA","description":"Un site utilisant WordPress","potentialAction":[{"@type":"SearchAction","target":{"@type":"EntryPoint","urlTemplate":"https:\/\/ckca.fr\/dev\/?s={search_term_string}"},"query-input":"required name=search_term_string"}],"inLanguage":"fr-FR"},{"@type":"WebPage","@id":"https:\/\/ckca.fr\/dev\/pedalo-2\/#webpage","url":"https:\/\/ckca.fr\/dev\/pedalo-2\/","name":"P\u00e9dalo - CKCA","isPartOf":{"@id":"https:\/\/ckca.fr\/dev\/#website"},"datePublished":"2022-04-20T20:35:10+00:00","dateModified":"2023-08-15T10:29:56+00:00","breadcrumb":{"@id":"https:\/\/ckca.fr\/dev\/pedalo-2\/#breadcrumb"},"inLanguage":"fr-FR","potentialAction":[{"@type":"ReadAction","target":["https:\/\/ckca.fr\/dev\/pedalo-2\/"]}]},{"@type":"BreadcrumbList","@id":"https:\/\/ckca.fr\/dev\/pedalo-2\/#breadcrumb","itemListElement":[{"@type":"ListItem","position":1,"name":"Accueil","item":"https:\/\/ckca.fr\/dev\/"},{"@type":"ListItem","position":2,"name":"P\u00e9dalo"}]}]}},"_links":{"self":[{"href":"https:\/\/ckca.fr\/dev\/wp-json\/wp\/v2\/pages\/4379","targetHints":{"allow":["GET"]}}],"collection":[{"href":"https:\/\/ckca.fr\/dev\/wp-json\/wp\/v2\/pages"}],"about":[{"href":"https:\/\/ckca.fr\/dev\/wp-json\/wp\/v2\/types\/page"}],"author":[{"embeddable":true,"href":"https:\/\/ckca.fr\/dev\/wp-json\/wp\/v2\/users\/1"}],"replies":[{"embeddable":true,"href":"https:\/\/ckca.fr\/dev\/wp-json\/wp\/v2\/comments?post=4379"}],"version-history":[{"count":18,"href":"https:\/\/ckca.fr\/dev\/wp-json\/wp\/v2\/pages\/4379\/revisions"}],"predecessor-version":[{"id":5437,"href":"https:\/\/ckca.fr\/dev\/wp-json\/wp\/v2\/pages\/4379\/revisions\/5437"}],"wp:attachment":[{"href":"https:\/\/ckca.fr\/dev\/wp-json\/wp\/v2\/media?parent=4379"}],"curies":[{"name":"wp","href":"https:\/\/api.w.org\/{rel}","templated":true}]}}