{"id":4375,"date":"2022-04-20T22:29:06","date_gmt":"2022-04-20T20:29:06","guid":{"rendered":"https:\/\/ckca.fr\/dev\/?page_id=4375"},"modified":"2025-05-10T12:22:30","modified_gmt":"2025-05-10T10:22:30","slug":"cours-particuliers","status":"publish","type":"page","link":"https:\/\/ckca.fr\/dev\/cours-particuliers\/","title":{"rendered":"Cours particuliers"},"content":{"rendered":"[vc_row][vc_column width=\u00a0\u00bb2\/3&Prime;][vc_column_text]<img loading=\"lazy\" decoding=\"async\" class=\"alignleft size-medium wp-image-4009\" src=\"https:\/\/ckca.fr\/dev\/wp-content\/uploads\/2022\/04\/110908-094126-0204-5D2-300x200@2x-300x200.jpg\" alt=\"\" width=\"300\" height=\"200\" srcset=\"https:\/\/ckca.fr\/dev\/wp-content\/uploads\/2022\/04\/110908-094126-0204-5D2-300x200@2x-300x200.jpg 300w, https:\/\/ckca.fr\/dev\/wp-content\/uploads\/2022\/04\/110908-094126-0204-5D2-300x200@2x.jpg 600w\" sizes=\"auto, (max-width: 300px) 100vw, 300px\" \/>Seul, \u00e0 deux, \u00e0 trois\u2026 en couple, entre amis, avec ses enfants ? En vu d\u2019un raid, d\u2019un d\u00e9fi sportif* ? Ou tout simplement pour d\u00e9couvrir les bases de la technique du pagayage accompagn\u00e9 d&rsquo;un moniteur<br \/>\nEn kayak, en Stand Up Paddle (SUP) avec votre mat\u00e9riel ou avec le n\u00f4tre ?<\/p>\n<p>&nbsp;<\/p>\n<p><strong>Informations Importantes<\/strong>:<\/p>\n<p>Une fois votre cours particulier r\u00e9serv\u00e9, merci de nous contacter par mail \u00e0 info@ckca.fr pour trouver avec vous le meilleur cr\u00e9neau disponible en fonction de notre planning.<\/p>\n<p>D&rsquo;autre part nous vous conseillons d\u2019arriver 10 minutes avant votre d\u00e9part et nous vous rappelons qu\u2019il est obligatoire de porter un v\u00eatement sous le gilet de sauvetage lors de la navigation[\/vc_column_text][vc_gallery images=\u00a0\u00bb4543,4167,4071&Prime; columns=\u00a0\u00bb2&Prime;][\/vc_column][vc_column width=\u00a0\u00bb1\/3&Prime;][vc_column_text]<iframe style=\"background: none; width: 100%; height: 600px;\" title=\"Cours Particuliers | Module de R\u00e9servation 1\" src=\"https:\/\/ckca.guidap.co\/export\/xTZuPh195Ys04RkGLgdWtOi8XHczJeNDqSEn?lang=fr\" frameborder=\"0\" marginwidth=\"0\" marginheight=\"0\" scrolling=\"no\">\u00a0<\/iframe>[\/vc_column_text][\/vc_column][\/vc_row]\n","protected":false},"excerpt":{"rendered":"<p>[vc_row][vc_column width=\u00a0\u00bb2\/3&Prime;][vc_column_text]Seul, \u00e0 deux, \u00e0 trois\u2026 en couple, entre amis, avec ses enfants ? En vu d\u2019un raid, d\u2019un d\u00e9fi [&hellip;]<\/p>\n","protected":false},"author":1,"featured_media":0,"parent":0,"menu_order":0,"comment_status":"closed","ping_status":"closed","template":"","meta":{"footnotes":""},"class_list":["post-4375","page","type-page","status-publish","hentry"],"yoast_head":"<!-- This site is optimized with the Yoast SEO plugin v18.9 - https:\/\/yoast.com\/wordpress\/plugins\/seo\/ -->\n<title>Cours particuliers - CKCA<\/title>\n<meta name=\"robots\" content=\"index, follow, max-snippet:-1, max-image-preview:large, max-video-preview:-1\" \/>\n<link rel=\"canonical\" href=\"https:\/\/ckca.fr\/dev\/cours-particuliers\/\" \/>\n<meta property=\"og:locale\" content=\"fr_FR\" \/>\n<meta property=\"og:type\" content=\"article\" \/>\n<meta property=\"og:title\" content=\"Cours particuliers - CKCA\" \/>\n<meta property=\"og:description\" content=\"[vc_row][vc_column width=\u00a0\u00bb2\/3&Prime;][vc_column_text]Seul, \u00e0 deux, \u00e0 trois\u2026 en couple, entre amis, avec ses enfants ? En vu d\u2019un raid, d\u2019un d\u00e9fi [&hellip;]\" \/>\n<meta property=\"og:url\" content=\"https:\/\/ckca.fr\/dev\/cours-particuliers\/\" \/>\n<meta property=\"og:site_name\" content=\"CKCA\" \/>\n<meta property=\"article:modified_time\" content=\"2025-05-10T10:22:30+00:00\" \/>\n<meta property=\"og:image\" content=\"https:\/\/ckca.fr\/dev\/wp-content\/uploads\/2022\/04\/110908-094126-0204-5D2-300x200@2x-300x200.jpg\" \/>\n<meta name=\"twitter:card\" content=\"summary_large_image\" \/>\n<meta name=\"twitter:label1\" content=\"Dur\u00e9e de lecture estim\u00e9e\" \/>\n\t<meta name=\"twitter:data1\" content=\"1 minute\" \/>\n<script type=\"application\/ld+json\" class=\"yoast-schema-graph\">{\"@context\":\"https:\/\/schema.org\",\"@graph\":[{\"@type\":\"WebSite\",\"@id\":\"https:\/\/ckca.fr\/dev\/#website\",\"url\":\"https:\/\/ckca.fr\/dev\/\",\"name\":\"CKCA\",\"description\":\"Un site utilisant WordPress\",\"potentialAction\":[{\"@type\":\"SearchAction\",\"target\":{\"@type\":\"EntryPoint\",\"urlTemplate\":\"https:\/\/ckca.fr\/dev\/?s={search_term_string}\"},\"query-input\":\"required name=search_term_string\"}],\"inLanguage\":\"fr-FR\"},{\"@type\":\"ImageObject\",\"inLanguage\":\"fr-FR\",\"@id\":\"https:\/\/ckca.fr\/dev\/cours-particuliers\/#primaryimage\",\"url\":\"https:\/\/ckca.fr\/dev\/wp-content\/uploads\/2022\/04\/110908-094126-0204-5D2-300x200@2x.jpg\",\"contentUrl\":\"https:\/\/ckca.fr\/dev\/wp-content\/uploads\/2022\/04\/110908-094126-0204-5D2-300x200@2x.jpg\",\"width\":600,\"height\":400},{\"@type\":\"WebPage\",\"@id\":\"https:\/\/ckca.fr\/dev\/cours-particuliers\/#webpage\",\"url\":\"https:\/\/ckca.fr\/dev\/cours-particuliers\/\",\"name\":\"Cours particuliers - CKCA\",\"isPartOf\":{\"@id\":\"https:\/\/ckca.fr\/dev\/#website\"},\"primaryImageOfPage\":{\"@id\":\"https:\/\/ckca.fr\/dev\/cours-particuliers\/#primaryimage\"},\"datePublished\":\"2022-04-20T20:29:06+00:00\",\"dateModified\":\"2025-05-10T10:22:30+00:00\",\"breadcrumb\":{\"@id\":\"https:\/\/ckca.fr\/dev\/cours-particuliers\/#breadcrumb\"},\"inLanguage\":\"fr-FR\",\"potentialAction\":[{\"@type\":\"ReadAction\",\"target\":[\"https:\/\/ckca.fr\/dev\/cours-particuliers\/\"]}]},{\"@type\":\"BreadcrumbList\",\"@id\":\"https:\/\/ckca.fr\/dev\/cours-particuliers\/#breadcrumb\",\"itemListElement\":[{\"@type\":\"ListItem\",\"position\":1,\"name\":\"Accueil\",\"item\":\"https:\/\/ckca.fr\/dev\/\"},{\"@type\":\"ListItem\",\"position\":2,\"name\":\"Cours particuliers\"}]}]}<\/script>\n<!-- \/ Yoast SEO plugin. -->","yoast_head_json":{"title":"Cours particuliers - CKCA","robots":{"index":"index","follow":"follow","max-snippet":"max-snippet:-1","max-image-preview":"max-image-preview:large","max-video-preview":"max-video-preview:-1"},"canonical":"https:\/\/ckca.fr\/dev\/cours-particuliers\/","og_locale":"fr_FR","og_type":"article","og_title":"Cours particuliers - CKCA","og_description":"[vc_row][vc_column width=\u00a0\u00bb2\/3&Prime;][vc_column_text]Seul, \u00e0 deux, \u00e0 trois\u2026 en couple, entre amis, avec ses enfants ? En vu d\u2019un raid, d\u2019un d\u00e9fi [&hellip;]","og_url":"https:\/\/ckca.fr\/dev\/cours-particuliers\/","og_site_name":"CKCA","article_modified_time":"2025-05-10T10:22:30+00:00","og_image":[{"url":"https:\/\/ckca.fr\/dev\/wp-content\/uploads\/2022\/04\/110908-094126-0204-5D2-300x200@2x-300x200.jpg"}],"twitter_card":"summary_large_image","twitter_misc":{"Dur\u00e9e de lecture estim\u00e9e":"1 minute"},"schema":{"@context":"https:\/\/schema.org","@graph":[{"@type":"WebSite","@id":"https:\/\/ckca.fr\/dev\/#website","url":"https:\/\/ckca.fr\/dev\/","name":"CKCA","description":"Un site utilisant WordPress","potentialAction":[{"@type":"SearchAction","target":{"@type":"EntryPoint","urlTemplate":"https:\/\/ckca.fr\/dev\/?s={search_term_string}"},"query-input":"required name=search_term_string"}],"inLanguage":"fr-FR"},{"@type":"ImageObject","inLanguage":"fr-FR","@id":"https:\/\/ckca.fr\/dev\/cours-particuliers\/#primaryimage","url":"https:\/\/ckca.fr\/dev\/wp-content\/uploads\/2022\/04\/110908-094126-0204-5D2-300x200@2x.jpg","contentUrl":"https:\/\/ckca.fr\/dev\/wp-content\/uploads\/2022\/04\/110908-094126-0204-5D2-300x200@2x.jpg","width":600,"height":400},{"@type":"WebPage","@id":"https:\/\/ckca.fr\/dev\/cours-particuliers\/#webpage","url":"https:\/\/ckca.fr\/dev\/cours-particuliers\/","name":"Cours particuliers - CKCA","isPartOf":{"@id":"https:\/\/ckca.fr\/dev\/#website"},"primaryImageOfPage":{"@id":"https:\/\/ckca.fr\/dev\/cours-particuliers\/#primaryimage"},"datePublished":"2022-04-20T20:29:06+00:00","dateModified":"2025-05-10T10:22:30+00:00","breadcrumb":{"@id":"https:\/\/ckca.fr\/dev\/cours-particuliers\/#breadcrumb"},"inLanguage":"fr-FR","potentialAction":[{"@type":"ReadAction","target":["https:\/\/ckca.fr\/dev\/cours-particuliers\/"]}]},{"@type":"BreadcrumbList","@id":"https:\/\/ckca.fr\/dev\/cours-particuliers\/#breadcrumb","itemListElement":[{"@type":"ListItem","position":1,"name":"Accueil","item":"https:\/\/ckca.fr\/dev\/"},{"@type":"ListItem","position":2,"name":"Cours particuliers"}]}]}},"_links":{"self":[{"href":"https:\/\/ckca.fr\/dev\/wp-json\/wp\/v2\/pages\/4375","targetHints":{"allow":["GET"]}}],"collection":[{"href":"https:\/\/ckca.fr\/dev\/wp-json\/wp\/v2\/pages"}],"about":[{"href":"https:\/\/ckca.fr\/dev\/wp-json\/wp\/v2\/types\/page"}],"author":[{"embeddable":true,"href":"https:\/\/ckca.fr\/dev\/wp-json\/wp\/v2\/users\/1"}],"replies":[{"embeddable":true,"href":"https:\/\/ckca.fr\/dev\/wp-json\/wp\/v2\/comments?post=4375"}],"version-history":[{"count":14,"href":"https:\/\/ckca.fr\/dev\/wp-json\/wp\/v2\/pages\/4375\/revisions"}],"predecessor-version":[{"id":5801,"href":"https:\/\/ckca.fr\/dev\/wp-json\/wp\/v2\/pages\/4375\/revisions\/5801"}],"wp:attachment":[{"href":"https:\/\/ckca.fr\/dev\/wp-json\/wp\/v2\/media?parent=4375"}],"curies":[{"name":"wp","href":"https:\/\/api.w.org\/{rel}","templated":true}]}}