{"id":15,"date":"2014-09-14T09:20:02","date_gmt":"2014-09-14T09:20:02","guid":{"rendered":"http:\/\/localhost\/final-leisure\/?page_id=15"},"modified":"2023-01-27T14:31:07","modified_gmt":"2023-01-27T13:31:07","slug":"events","status":"publish","type":"page","link":"https:\/\/ckca.fr\/dev\/events\/","title":{"rendered":"Parc mat\u00e9riel"},"content":{"rendered":"[vc_row][vc_column][vc_column_text]\n<div class=\"row cf builder\">\n<div class=\"column builder one-1\">\n<div class=\"textwidget post-content\">\n<h2 style=\"text-align: center;\"><small>300 Bateaux pr\u00eats \u00e0\u00a0<\/small>NAVIGUER<\/h2>\n<p>Notre parc de 300 bateaux nous permet une grande capacit\u00e9 d\u2019accueil avec la possibilit\u00e9 de transport du mat\u00e9riel. Toutes nos activit\u00e9s poss\u00e8dent un parc de qualit\u00e9, renouvel\u00e9 r\u00e9guli\u00e8rement, qui r\u00e9pond \u00e0 toutes les normes de s\u00e9curit\u00e9 en vigueur. Nous y associons tous les \u00e9quipements indispensables \u00e0 la pratique de notre discipline (pagaies, gilets de flottabilit\u00e9 \u2026).<\/p>\n<\/div>\n<\/div>\n<\/div>\n<div class=\"row cf builder\">\n<div class=\"column builder two-third\">\n<div class=\"textwidget post-content\">\n<p>Notre parc \u00e0 bateaux en d\u00e9tail:<\/p>\n<ul>\n<li><strong>30<\/strong> bateaux pour l&rsquo;\u00e9cole de pagaies,<\/li>\n<li><strong>30<\/strong> bateaux pour la course en ligne<\/li>\n<li><strong>10<\/strong> bateaux pour nos polo\u00efstes,<\/li>\n<li><strong>30<\/strong> bateaux rivi\u00e8re \/mer destin\u00e9s aux Adultes\/Loisirs.<\/li>\n<li><strong>200<\/strong> bateaux pour les locations et l\u2019encadrement de groupes,<\/li>\n<li><strong>10<\/strong> Stand Up Paddle disponible \u00e0 la location<\/li>\n<li><strong>2<\/strong> cano\u00ebs 9 places (avec barreur).<\/li>\n<\/ul>\n<\/div>\n<\/div>\n<\/div>\n[\/vc_column_text][\/vc_column][\/vc_row][vc_row full_width=\u00a0\u00bbstretch_row\u00a0\u00bb parallax=\u00a0\u00bbcontent-moving\u00a0\u00bb css=\u00a0\u00bb.vc_custom_1651342832749{background-image: url(https:\/\/ckca.fr\/dev\/wp-content\/uploads\/2022\/04\/72898320_10220202991725801_8303752021895282688_n-2-e1651342781254.jpg?id=4471) !important;background-position: center;background-repeat: no-repeat !important;background-size: cover !important;}\u00a0\u00bb min_height=\u00a0\u00bb500px\u00a0\u00bb][vc_column width=\u00a0\u00bb2\/3&Prime; el_class=\u00a0\u00bbwhite-box content-padding-lg\u00a0\u00bb offset=\u00a0\u00bbvc_col-sm-offset-2&Prime;][vc_column_text]\n<h1 style=\"text-align: center;\">Un parc mat\u00e9riel de qualit\u00e9<small>sur un site d&rsquo;exception<\/small><\/h1>\n<table class=\"table\">\n<tbody>\n<tr>\n<td>\n<h4 style=\"text-align: center;\"><img loading=\"lazy\" decoding=\"async\" class=\"size-medium wp-image-4770 aligncenter\" src=\"https:\/\/ckca.fr\/dev\/wp-content\/uploads\/2022\/04\/278588836_374587097736747_1379042560911641370_n-e1651345158811-300x300.jpg\" alt=\"\" width=\"300\" height=\"300\" srcset=\"https:\/\/ckca.fr\/dev\/wp-content\/uploads\/2022\/04\/278588836_374587097736747_1379042560911641370_n-e1651345158811-300x300.jpg 300w, https:\/\/ckca.fr\/dev\/wp-content\/uploads\/2022\/04\/278588836_374587097736747_1379042560911641370_n-e1651345158811-1024x1024.jpg 1024w, https:\/\/ckca.fr\/dev\/wp-content\/uploads\/2022\/04\/278588836_374587097736747_1379042560911641370_n-e1651345158811-150x150.jpg 150w, https:\/\/ckca.fr\/dev\/wp-content\/uploads\/2022\/04\/278588836_374587097736747_1379042560911641370_n-e1651345158811-768x768.jpg 768w, https:\/\/ckca.fr\/dev\/wp-content\/uploads\/2022\/04\/278588836_374587097736747_1379042560911641370_n-e1651345158811.jpg 1500w\" sizes=\"auto, (max-width: 300px) 100vw, 300px\" \/><\/h4>\n<\/td>\n<td>\n<h4 style=\"text-align: center;\"><img loading=\"lazy\" decoding=\"async\" class=\"size-medium wp-image-4769 aligncenter\" src=\"https:\/\/ckca.fr\/dev\/wp-content\/uploads\/2022\/04\/278598032_359582456099736_9068687289151899769_n-e1651345197374-300x300.jpg\" alt=\"\" width=\"300\" height=\"300\" srcset=\"https:\/\/ckca.fr\/dev\/wp-content\/uploads\/2022\/04\/278598032_359582456099736_9068687289151899769_n-e1651345197374-300x300.jpg 300w, https:\/\/ckca.fr\/dev\/wp-content\/uploads\/2022\/04\/278598032_359582456099736_9068687289151899769_n-e1651345197374-1024x1024.jpg 1024w, https:\/\/ckca.fr\/dev\/wp-content\/uploads\/2022\/04\/278598032_359582456099736_9068687289151899769_n-e1651345197374-150x150.jpg 150w, https:\/\/ckca.fr\/dev\/wp-content\/uploads\/2022\/04\/278598032_359582456099736_9068687289151899769_n-e1651345197374-768x768.jpg 768w, https:\/\/ckca.fr\/dev\/wp-content\/uploads\/2022\/04\/278598032_359582456099736_9068687289151899769_n-e1651345197374.jpg 1500w\" sizes=\"auto, (max-width: 300px) 100vw, 300px\" \/><\/h4>\n<\/td>\n<td>\n<h4 style=\"text-align: center;\"><img loading=\"lazy\" decoding=\"async\" class=\"size-medium wp-image-4768 aligncenter\" src=\"https:\/\/ckca.fr\/dev\/wp-content\/uploads\/2022\/04\/278575653_543450993793223_2797420732771439156_n-e1651345233919-300x300.jpg\" alt=\"\" width=\"300\" height=\"300\" srcset=\"https:\/\/ckca.fr\/dev\/wp-content\/uploads\/2022\/04\/278575653_543450993793223_2797420732771439156_n-e1651345233919-300x300.jpg 300w, https:\/\/ckca.fr\/dev\/wp-content\/uploads\/2022\/04\/278575653_543450993793223_2797420732771439156_n-e1651345233919-1024x1024.jpg 1024w, https:\/\/ckca.fr\/dev\/wp-content\/uploads\/2022\/04\/278575653_543450993793223_2797420732771439156_n-e1651345233919-150x150.jpg 150w, https:\/\/ckca.fr\/dev\/wp-content\/uploads\/2022\/04\/278575653_543450993793223_2797420732771439156_n-e1651345233919-768x768.jpg 768w, https:\/\/ckca.fr\/dev\/wp-content\/uploads\/2022\/04\/278575653_543450993793223_2797420732771439156_n-e1651345233919.jpg 1300w\" sizes=\"auto, (max-width: 300px) 100vw, 300px\" \/><\/h4>\n<\/td>\n<td>\n<h4 style=\"text-align: center;\"><img loading=\"lazy\" decoding=\"async\" class=\"size-medium wp-image-4796 aligncenter\" src=\"https:\/\/ckca.fr\/dev\/wp-content\/uploads\/2022\/04\/IMG_20201202_170607-4-e1651345315923-300x300.jpg\" alt=\"\" width=\"300\" height=\"300\" srcset=\"https:\/\/ckca.fr\/dev\/wp-content\/uploads\/2022\/04\/IMG_20201202_170607-4-e1651345315923-300x300.jpg 300w, https:\/\/ckca.fr\/dev\/wp-content\/uploads\/2022\/04\/IMG_20201202_170607-4-e1651345315923-150x150.jpg 150w, https:\/\/ckca.fr\/dev\/wp-content\/uploads\/2022\/04\/IMG_20201202_170607-4-e1651345315923-768x768.jpg 768w, https:\/\/ckca.fr\/dev\/wp-content\/uploads\/2022\/04\/IMG_20201202_170607-4-e1651345315923.jpg 779w\" sizes=\"auto, (max-width: 300px) 100vw, 300px\" \/><\/h4>\n<\/td>\n<\/tr>\n<\/tbody>\n<\/table>\n[\/vc_column_text][\/vc_column][\/vc_row]\n","protected":false},"excerpt":{"rendered":"<p>[vc_row][vc_column][vc_column_text] 300 Bateaux pr\u00eats \u00e0\u00a0NAVIGUER Notre parc de 300 bateaux nous permet une grande capacit\u00e9 d\u2019accueil avec la possibilit\u00e9 de [&hellip;]<\/p>\n","protected":false},"author":1,"featured_media":0,"parent":0,"menu_order":0,"comment_status":"open","ping_status":"open","template":"","meta":{"footnotes":""},"class_list":["post-15","page","type-page","status-publish","hentry"],"yoast_head":"<!-- This site is optimized with the Yoast SEO plugin v18.9 - https:\/\/yoast.com\/wordpress\/plugins\/seo\/ -->\n<title>Parc mat\u00e9riel - CKCA<\/title>\n<meta name=\"robots\" content=\"index, follow, max-snippet:-1, max-image-preview:large, max-video-preview:-1\" \/>\n<link rel=\"canonical\" href=\"https:\/\/ckca.fr\/dev\/events\/\" \/>\n<meta property=\"og:locale\" content=\"fr_FR\" \/>\n<meta property=\"og:type\" content=\"article\" \/>\n<meta property=\"og:title\" content=\"Parc mat\u00e9riel - CKCA\" \/>\n<meta property=\"og:description\" content=\"[vc_row][vc_column][vc_column_text] 300 Bateaux pr\u00eats \u00e0\u00a0NAVIGUER Notre parc de 300 bateaux nous permet une grande capacit\u00e9 d\u2019accueil avec la possibilit\u00e9 de [&hellip;]\" \/>\n<meta property=\"og:url\" content=\"https:\/\/ckca.fr\/dev\/events\/\" \/>\n<meta property=\"og:site_name\" content=\"CKCA\" \/>\n<meta property=\"article:modified_time\" content=\"2023-01-27T13:31:07+00:00\" \/>\n<meta property=\"og:image\" content=\"https:\/\/ckca.fr\/dev\/wp-content\/uploads\/2022\/04\/278588836_374587097736747_1379042560911641370_n-e1651345158811-300x300.jpg\" \/>\n<meta name=\"twitter:card\" content=\"summary_large_image\" \/>\n<meta name=\"twitter:label1\" content=\"Dur\u00e9e de lecture estim\u00e9e\" \/>\n\t<meta name=\"twitter:data1\" content=\"2 minutes\" \/>\n<script type=\"application\/ld+json\" class=\"yoast-schema-graph\">{\"@context\":\"https:\/\/schema.org\",\"@graph\":[{\"@type\":\"WebSite\",\"@id\":\"https:\/\/ckca.fr\/dev\/#website\",\"url\":\"https:\/\/ckca.fr\/dev\/\",\"name\":\"CKCA\",\"description\":\"Un site utilisant WordPress\",\"potentialAction\":[{\"@type\":\"SearchAction\",\"target\":{\"@type\":\"EntryPoint\",\"urlTemplate\":\"https:\/\/ckca.fr\/dev\/?s={search_term_string}\"},\"query-input\":\"required name=search_term_string\"}],\"inLanguage\":\"fr-FR\"},{\"@type\":\"ImageObject\",\"inLanguage\":\"fr-FR\",\"@id\":\"https:\/\/ckca.fr\/dev\/events\/#primaryimage\",\"url\":\"https:\/\/ckca.fr\/dev\/wp-content\/uploads\/2022\/04\/278588836_374587097736747_1379042560911641370_n-e1651345158811.jpg\",\"contentUrl\":\"https:\/\/ckca.fr\/dev\/wp-content\/uploads\/2022\/04\/278588836_374587097736747_1379042560911641370_n-e1651345158811.jpg\",\"width\":1500,\"height\":1500},{\"@type\":\"WebPage\",\"@id\":\"https:\/\/ckca.fr\/dev\/events\/#webpage\",\"url\":\"https:\/\/ckca.fr\/dev\/events\/\",\"name\":\"Parc mat\u00e9riel - CKCA\",\"isPartOf\":{\"@id\":\"https:\/\/ckca.fr\/dev\/#website\"},\"primaryImageOfPage\":{\"@id\":\"https:\/\/ckca.fr\/dev\/events\/#primaryimage\"},\"datePublished\":\"2014-09-14T09:20:02+00:00\",\"dateModified\":\"2023-01-27T13:31:07+00:00\",\"breadcrumb\":{\"@id\":\"https:\/\/ckca.fr\/dev\/events\/#breadcrumb\"},\"inLanguage\":\"fr-FR\",\"potentialAction\":[{\"@type\":\"ReadAction\",\"target\":[\"https:\/\/ckca.fr\/dev\/events\/\"]}]},{\"@type\":\"BreadcrumbList\",\"@id\":\"https:\/\/ckca.fr\/dev\/events\/#breadcrumb\",\"itemListElement\":[{\"@type\":\"ListItem\",\"position\":1,\"name\":\"Accueil\",\"item\":\"https:\/\/ckca.fr\/dev\/\"},{\"@type\":\"ListItem\",\"position\":2,\"name\":\"Parc mat\u00e9riel\"}]}]}<\/script>\n<!-- \/ Yoast SEO plugin. -->","yoast_head_json":{"title":"Parc mat\u00e9riel - CKCA","robots":{"index":"index","follow":"follow","max-snippet":"max-snippet:-1","max-image-preview":"max-image-preview:large","max-video-preview":"max-video-preview:-1"},"canonical":"https:\/\/ckca.fr\/dev\/events\/","og_locale":"fr_FR","og_type":"article","og_title":"Parc mat\u00e9riel - CKCA","og_description":"[vc_row][vc_column][vc_column_text] 300 Bateaux pr\u00eats \u00e0\u00a0NAVIGUER Notre parc de 300 bateaux nous permet une grande capacit\u00e9 d\u2019accueil avec la possibilit\u00e9 de [&hellip;]","og_url":"https:\/\/ckca.fr\/dev\/events\/","og_site_name":"CKCA","article_modified_time":"2023-01-27T13:31:07+00:00","og_image":[{"url":"https:\/\/ckca.fr\/dev\/wp-content\/uploads\/2022\/04\/278588836_374587097736747_1379042560911641370_n-e1651345158811-300x300.jpg"}],"twitter_card":"summary_large_image","twitter_misc":{"Dur\u00e9e de lecture estim\u00e9e":"2 minutes"},"schema":{"@context":"https:\/\/schema.org","@graph":[{"@type":"WebSite","@id":"https:\/\/ckca.fr\/dev\/#website","url":"https:\/\/ckca.fr\/dev\/","name":"CKCA","description":"Un site utilisant WordPress","potentialAction":[{"@type":"SearchAction","target":{"@type":"EntryPoint","urlTemplate":"https:\/\/ckca.fr\/dev\/?s={search_term_string}"},"query-input":"required name=search_term_string"}],"inLanguage":"fr-FR"},{"@type":"ImageObject","inLanguage":"fr-FR","@id":"https:\/\/ckca.fr\/dev\/events\/#primaryimage","url":"https:\/\/ckca.fr\/dev\/wp-content\/uploads\/2022\/04\/278588836_374587097736747_1379042560911641370_n-e1651345158811.jpg","contentUrl":"https:\/\/ckca.fr\/dev\/wp-content\/uploads\/2022\/04\/278588836_374587097736747_1379042560911641370_n-e1651345158811.jpg","width":1500,"height":1500},{"@type":"WebPage","@id":"https:\/\/ckca.fr\/dev\/events\/#webpage","url":"https:\/\/ckca.fr\/dev\/events\/","name":"Parc mat\u00e9riel - CKCA","isPartOf":{"@id":"https:\/\/ckca.fr\/dev\/#website"},"primaryImageOfPage":{"@id":"https:\/\/ckca.fr\/dev\/events\/#primaryimage"},"datePublished":"2014-09-14T09:20:02+00:00","dateModified":"2023-01-27T13:31:07+00:00","breadcrumb":{"@id":"https:\/\/ckca.fr\/dev\/events\/#breadcrumb"},"inLanguage":"fr-FR","potentialAction":[{"@type":"ReadAction","target":["https:\/\/ckca.fr\/dev\/events\/"]}]},{"@type":"BreadcrumbList","@id":"https:\/\/ckca.fr\/dev\/events\/#breadcrumb","itemListElement":[{"@type":"ListItem","position":1,"name":"Accueil","item":"https:\/\/ckca.fr\/dev\/"},{"@type":"ListItem","position":2,"name":"Parc mat\u00e9riel"}]}]}},"_links":{"self":[{"href":"https:\/\/ckca.fr\/dev\/wp-json\/wp\/v2\/pages\/15","targetHints":{"allow":["GET"]}}],"collection":[{"href":"https:\/\/ckca.fr\/dev\/wp-json\/wp\/v2\/pages"}],"about":[{"href":"https:\/\/ckca.fr\/dev\/wp-json\/wp\/v2\/types\/page"}],"author":[{"embeddable":true,"href":"https:\/\/ckca.fr\/dev\/wp-json\/wp\/v2\/users\/1"}],"replies":[{"embeddable":true,"href":"https:\/\/ckca.fr\/dev\/wp-json\/wp\/v2\/comments?post=15"}],"version-history":[{"count":26,"href":"https:\/\/ckca.fr\/dev\/wp-json\/wp\/v2\/pages\/15\/revisions"}],"predecessor-version":[{"id":5318,"href":"https:\/\/ckca.fr\/dev\/wp-json\/wp\/v2\/pages\/15\/revisions\/5318"}],"wp:attachment":[{"href":"https:\/\/ckca.fr\/dev\/wp-json\/wp\/v2\/media?parent=15"}],"curies":[{"name":"wp","href":"https:\/\/api.w.org\/{rel}","templated":true}]}}